{"id":2894,"date":"2024-06-20T10:54:14","date_gmt":"2024-06-20T15:54:14","guid":{"rendered":"https:\/\/threeautomation.com\/es\/?post_type=product&#038;p=2894"},"modified":"2025-09-05T09:58:52","modified_gmt":"2025-09-05T14:58:52","slug":"gestion-campanas-google-ads","status":"publish","type":"product","link":"https:\/\/threeautomation.com\/es\/producto\/gestion-campanas-google-ads\/","title":{"rendered":"Gesti\u00f3n de Campa\u00f1as Google Ads"},"content":{"rendered":"\t\t<div data-elementor-type=\"wp-post\" data-elementor-id=\"2894\" class=\"elementor elementor-2894\" data-elementor-post-type=\"product\">\n\t\t\t\t<div class=\"elementor-element elementor-element-358a6043 e-flex e-con-boxed e-con e-parent\" data-id=\"358a6043\" data-element_type=\"container\">\n\t\t\t\t\t<div class=\"e-con-inner\">\n\t\t\t\t<div class=\"elementor-element elementor-element-c5d43d elementor-widget elementor-widget-heading\" data-id=\"c5d43d\" data-element_type=\"widget\" data-widget_type=\"heading.default\">\n\t\t\t\t<div class=\"elementor-widget-container\">\n\t\t\t\t\t<h2 class=\"elementor-heading-title elementor-size-default\">\u00bfListo(a) para llevar tu negocio al siguiente nivel?<\/h2>\t\t\t\t<\/div>\n\t\t\t\t<\/div>\n\t\t\t\t<div class=\"elementor-element elementor-element-1210329f elementor-widget elementor-widget-text-editor\" data-id=\"1210329f\" data-element_type=\"widget\" data-widget_type=\"text-editor.default\">\n\t\t\t\t<div class=\"elementor-widget-container\">\n\t\t\t\t\t\t\t\t\t<p>En Threeautomation ofrecemos la\u00a0<strong>Gesti\u00f3n de Campa\u00f1as Google Ads<\/strong>, como agencia de transformaci\u00f3n digital, contamos con profesionales certificados en Google Ads, entendemos que tus campa\u00f1as, son la clave para alcanzar tus objetivos.<\/p><p>Por esta raz\u00f3n, te ofrecemos un servicio personalizado, dise\u00f1ado especialmente para tu negocio, as\u00ed lograr\u00e1s impulsar tu crecimiento digital y maximizar el retorno de tu inversi\u00f3n.<\/p>\t\t\t\t\t\t\t\t<\/div>\n\t\t\t\t<\/div>\n\t\t\t\t<div class=\"elementor-element elementor-element-6056b8ba elementor-align-center elementor-widget elementor-widget-button\" data-id=\"6056b8ba\" data-element_type=\"widget\" data-widget_type=\"button.default\">\n\t\t\t\t<div class=\"elementor-widget-container\">\n\t\t\t\t\t\t\t\t\t<div class=\"elementor-button-wrapper\">\n\t\t\t\t\t<a class=\"elementor-button elementor-button-link elementor-size-sm\" href=\"https:\/\/wa.me\/573107632052?text=%C2%A1Hola%20Diego!Requiero%20informaci%C3%B3n%20de:%20\" target=\"_blank\" rel=\"nofollow\">\n\t\t\t\t\t\t<span class=\"elementor-button-content-wrapper\">\n\t\t\t\t\t\t\t\t\t<span class=\"elementor-button-text\">\u00a1Contactar un Asesor Ahora!<\/span>\n\t\t\t\t\t<\/span>\n\t\t\t\t\t<\/a>\n\t\t\t\t<\/div>\n\t\t\t\t\t\t\t\t<\/div>\n\t\t\t\t<\/div>\n\t\t\t\t<div class=\"elementor-element elementor-element-46c58fd elementor-widget elementor-widget-heading\" data-id=\"46c58fd\" data-element_type=\"widget\" data-widget_type=\"heading.default\">\n\t\t\t\t<div class=\"elementor-widget-container\">\n\t\t\t\t\t<h2 class=\"elementor-heading-title elementor-size-default\">\u00bfQu\u00e9 te ofrecemos en la Gesti\u00f3n de Campa\u00f1as Google Ads?<\/h2>\t\t\t\t<\/div>\n\t\t\t\t<\/div>\n\t\t\t\t<div class=\"elementor-element elementor-element-760eb16 elementor-widget elementor-widget-heading\" data-id=\"760eb16\" data-element_type=\"widget\" data-widget_type=\"heading.default\">\n\t\t\t\t<div class=\"elementor-widget-container\">\n\t\t\t\t\t<h3 class=\"elementor-heading-title elementor-size-default\">Experiencia y Certificaci\u00f3n<\/h3>\t\t\t\t<\/div>\n\t\t\t\t<\/div>\n\t\t\t\t<div class=\"elementor-element elementor-element-3a8b016 elementor-widget elementor-widget-text-editor\" data-id=\"3a8b016\" data-element_type=\"widget\" data-widget_type=\"text-editor.default\">\n\t\t\t\t<div class=\"elementor-widget-container\">\n\t\t\t\t\t\t\t\t\t<p>Nuestro equipo de expertos certificados en Google Ads te garantiza estrategias efectivas y resultados comprobados.<\/p>\t\t\t\t\t\t\t\t<\/div>\n\t\t\t\t<\/div>\n\t\t\t\t<div class=\"elementor-element elementor-element-e0989e0 elementor-widget elementor-widget-heading\" data-id=\"e0989e0\" data-element_type=\"widget\" data-widget_type=\"heading.default\">\n\t\t\t\t<div class=\"elementor-widget-container\">\n\t\t\t\t\t<h3 class=\"elementor-heading-title elementor-size-default\">Campa\u00f1as Personalizadas<\/h3>\t\t\t\t<\/div>\n\t\t\t\t<\/div>\n\t\t\t\t<div class=\"elementor-element elementor-element-bed2d63 elementor-widget elementor-widget-text-editor\" data-id=\"bed2d63\" data-element_type=\"widget\" data-widget_type=\"text-editor.default\">\n\t\t\t\t<div class=\"elementor-widget-container\">\n\t\t\t\t\t\t\t\t\t<p>Adaptamos cada campa\u00f1a a tus necesidades y objetivos espec\u00edficos, asegurando que tu mensaje llegue a la audiencia correcta.<\/p>\t\t\t\t\t\t\t\t<\/div>\n\t\t\t\t<\/div>\n\t\t\t\t<div class=\"elementor-element elementor-element-48fb99e elementor-widget elementor-widget-heading\" data-id=\"48fb99e\" data-element_type=\"widget\" data-widget_type=\"heading.default\">\n\t\t\t\t<div class=\"elementor-widget-container\">\n\t\t\t\t\t<h3 class=\"elementor-heading-title elementor-size-default\">Optimizaci\u00f3n Continua<\/h3>\t\t\t\t<\/div>\n\t\t\t\t<\/div>\n\t\t\t\t<div class=\"elementor-element elementor-element-7eb88265 elementor-widget elementor-widget-text-editor\" data-id=\"7eb88265\" data-element_type=\"widget\" data-widget_type=\"text-editor.default\">\n\t\t\t\t<div class=\"elementor-widget-container\">\n\t\t\t\t\t\t\t\t\t<p>Monitoreamos y ajustamos tus campa\u00f1as en tiempo real para garantizar el m\u00e1ximo rendimiento y eficiencia.<\/p>\t\t\t\t\t\t\t\t<\/div>\n\t\t\t\t<\/div>\n\t\t\t\t<div class=\"elementor-element elementor-element-9a23e0f elementor-widget elementor-widget-heading\" data-id=\"9a23e0f\" data-element_type=\"widget\" data-widget_type=\"heading.default\">\n\t\t\t\t<div class=\"elementor-widget-container\">\n\t\t\t\t\t<h3 class=\"elementor-heading-title elementor-size-default\">Resultados Medibles<\/h3>\t\t\t\t<\/div>\n\t\t\t\t<\/div>\n\t\t\t\t<div class=\"elementor-element elementor-element-5c6d1c9 elementor-widget elementor-widget-text-editor\" data-id=\"5c6d1c9\" data-element_type=\"widget\" data-widget_type=\"text-editor.default\">\n\t\t\t\t<div class=\"elementor-widget-container\">\n\t\t\t\t\t\t\t\t\t<p>Te proporcionamos informes detallados para que puedas evaluar el impacto de tus campa\u00f1as y tomar decisiones informadas.<\/p>\t\t\t\t\t\t\t\t<\/div>\n\t\t\t\t<\/div>\n\t\t\t\t<div class=\"elementor-element elementor-element-c66ded0 elementor-widget elementor-widget-heading\" data-id=\"c66ded0\" data-element_type=\"widget\" data-widget_type=\"heading.default\">\n\t\t\t\t<div class=\"elementor-widget-container\">\n\t\t\t\t\t<h3 class=\"elementor-heading-title elementor-size-default\">Soporte<\/h3>\t\t\t\t<\/div>\n\t\t\t\t<\/div>\n\t\t\t\t<div class=\"elementor-element elementor-element-c495b9f elementor-widget elementor-widget-text-editor\" data-id=\"c495b9f\" data-element_type=\"widget\" data-widget_type=\"text-editor.default\">\n\t\t\t\t<div class=\"elementor-widget-container\">\n\t\t\t\t\t\t\t\t\t<p>Estamos aqu\u00ed para ayudarte en cada paso del camino, desde la planificaci\u00f3n hasta la ejecuci\u00f3n y el an\u00e1lisis.<\/p><p><em><strong>\u00a1Impulsa tu negocio con Google Ads!<\/strong><\/em><\/p><p>No dejes que tus competidores te superen, aprovecha el poder de Google Ads para aumentar tu visibilidad, atraer clientes potenciales y generar ventas.<\/p><p style=\"text-align: center;\" data-sourcepos=\"5:1-5:233\">Deja que nuestros expertos certificados en <strong>Google Ads<\/strong> impulsen tu negocio.<\/p><p style=\"text-align: center;\" data-sourcepos=\"5:1-5:233\"><img decoding=\"async\" class=\"emoji\" role=\"img\" draggable=\"false\" src=\"https:\/\/s.w.org\/images\/core\/emoji\/15.0.3\/svg\/1f680.svg\" alt=\"\ud83d\ude80\" \/> \u00a1Alcanza tus <img decoding=\"async\" class=\"emoji\" role=\"img\" draggable=\"false\" src=\"https:\/\/s.w.org\/images\/core\/emoji\/15.0.3\/svg\/1f4c8.svg\" alt=\"\ud83d\udcc8\" \/> con Google Ads!<\/p><p style=\"text-align: center;\" data-sourcepos=\"5:1-5:233\">\u00a1Impulsa tu negocio!<\/p><blockquote><p style=\"text-align: center;\">\u00a1Cont\u00e1ctanos hoy mismo y descubre c\u00f3mo podemos ayudarte a alcanzar tus metas!<\/p><\/blockquote><h4><a href=\"https:\/\/wa.me\/573107632052?text=%C2%A1Hola%20Diego!%0ARequiero%20informaci%C3%B3n%20de:%20\" target=\"_blank\" rel=\"noopener\"><em>Solicita una Consulta Gratuita<\/em><\/a><\/h4><p>Producto Sugerido: <a href=\"https:\/\/threeautomation.com\/es\/producto\/auditoria-seo\/\" target=\"_blank\" rel=\"noopener\">Auditoria Seo<\/a><\/p>\t\t\t\t\t\t\t\t<\/div>\n\t\t\t\t<\/div>\n\t\t\t\t\t<\/div>\n\t\t\t\t<\/div>\n\t\t\t\t<\/div>\n\t\t","protected":false},"excerpt":{"rendered":"<p style=\"text-align: center;\" data-sourcepos=\"5:1-5:233\"><em>\u00bfQuieres M\u00c1S clientes y Ventas?<\/em><\/p>\n<p style=\"text-align: center;\" data-sourcepos=\"5:1-5:233\"><span style=\"color: #31f935;\"><strong><a class=\"gb-button gb-button-3169703f gb-button-text\" style=\"color: #31f935;\" href=\"https:\/\/wa.me\/573107632052?text=%C2%A1Hola%20Diego!%0ARequiero%20informaci%C3%B3n%20de:%20\" target=\"_blank\" rel=\"nofollow noopener noreferrer\">\u00a1Clic Aqu\u00ed!<\/a><\/strong><\/span><\/p>\n","protected":false},"featured_media":2896,"comment_status":"open","ping_status":"closed","template":"elementor_theme","meta":{"editor_plus_copied_stylings":"{}"},"product_brand":[],"product_cat":[30],"product_tag":[26,38,41,39,40],"class_list":{"0":"post-2894","1":"product","2":"type-product","3":"status-publish","4":"has-post-thumbnail","6":"product_cat-ads","7":"product_tag-agencia-de-marketing-digital","8":"product_tag-agencia-google-ads","9":"product_tag-marketing-digital-en-bucaramanga","10":"product_tag-marketing-digital-en-cali","11":"product_tag-servicios-de-marketing-digital","12":"sales-flash-overlay","13":"woocommerce-text-align-center","14":"woocommerce-image-align-center","15":"do-quantity-buttons","16":"wc-has-gallery","18":"first","19":"outofstock","20":"shipping-taxable","21":"product-type-simple"},"yoast_head":"<!-- This site is optimized with the Yoast SEO plugin v26.1.1 - https:\/\/yoast.com\/wordpress\/plugins\/seo\/ -->\n<title>Gesti\u00f3n de Campa\u00f1as Google Ads \u25b7 \u00a1Cont\u00e1ctanos Ahora!<\/title>\n<meta name=\"description\" content=\"Gesti\u00f3n de Campa\u00f1as Google Ads | \ud83d\udfe2 ThreeAutomation\u00ae | Vamos a Cambiar Tus Resultados en Ventas - No Esperes, Contactanos Ahora \u25b7 Clic Aqu\u00ed\" \/>\n<meta name=\"robots\" content=\"index, follow, max-snippet:-1, max-image-preview:large, max-video-preview:-1\" \/>\n<link rel=\"canonical\" href=\"https:\/\/threeautomation.com\/es\/producto\/gestion-campanas-google-ads\/\" \/>\n<meta property=\"og:locale\" content=\"es_ES\" \/>\n<meta property=\"og:type\" content=\"article\" \/>\n<meta property=\"og:title\" content=\"Gesti\u00f3n de Campa\u00f1as Google Ads \u25b7 \u00a1Cont\u00e1ctanos Ahora!\" \/>\n<meta property=\"og:description\" content=\"Gesti\u00f3n de Campa\u00f1as Google Ads | \ud83d\udfe2 ThreeAutomation\u00ae | Vamos a Cambiar Tus Resultados en Ventas - No Esperes, Contactanos Ahora \u25b7 Clic Aqu\u00ed\" \/>\n<meta property=\"og:url\" content=\"https:\/\/threeautomation.com\/es\/producto\/gestion-campanas-google-ads\/\" \/>\n<meta property=\"og:site_name\" content=\"Threeautomation ES\" \/>\n<meta property=\"article:publisher\" content=\"https:\/\/web.facebook.com\/Threeautomation\/\" \/>\n<meta property=\"article:modified_time\" content=\"2025-09-05T14:58:52+00:00\" \/>\n<meta property=\"og:image\" content=\"https:\/\/threeautomation.com\/es\/wp-content\/uploads\/2024\/06\/gestion-campanas-google-ads.webp\" \/>\n\t<meta property=\"og:image:width\" content=\"504\" \/>\n\t<meta property=\"og:image:height\" content=\"504\" \/>\n\t<meta property=\"og:image:type\" content=\"image\/webp\" \/>\n<meta name=\"twitter:card\" content=\"summary_large_image\" \/>\n<meta name=\"twitter:label1\" content=\"Tiempo de lectura\" \/>\n\t<meta name=\"twitter:data1\" content=\"2 minutos\" \/>\n<script type=\"application\/ld+json\" class=\"yoast-schema-graph\">{\"@context\":\"https:\/\/schema.org\",\"@graph\":[{\"@type\":\"WebPage\",\"@id\":\"https:\/\/threeautomation.com\/es\/producto\/gestion-campanas-google-ads\/\",\"url\":\"https:\/\/threeautomation.com\/es\/producto\/gestion-campanas-google-ads\/\",\"name\":\"Gesti\u00f3n de Campa\u00f1as Google Ads \u25b7 \u00a1Cont\u00e1ctanos Ahora!\",\"isPartOf\":{\"@id\":\"https:\/\/threeautomation.com\/es\/#website\"},\"primaryImageOfPage\":{\"@id\":\"https:\/\/threeautomation.com\/es\/producto\/gestion-campanas-google-ads\/#primaryimage\"},\"image\":{\"@id\":\"https:\/\/threeautomation.com\/es\/producto\/gestion-campanas-google-ads\/#primaryimage\"},\"thumbnailUrl\":\"https:\/\/threeautomation.com\/es\/wp-content\/uploads\/2024\/06\/gestion-campanas-google-ads.webp\",\"datePublished\":\"2024-06-20T15:54:14+00:00\",\"dateModified\":\"2025-09-05T14:58:52+00:00\",\"description\":\"Gesti\u00f3n de Campa\u00f1as Google Ads | \ud83d\udfe2 ThreeAutomation\u00ae | Vamos a Cambiar Tus Resultados en Ventas - No Esperes, Contactanos Ahora \u25b7 Clic Aqu\u00ed\",\"breadcrumb\":{\"@id\":\"https:\/\/threeautomation.com\/es\/producto\/gestion-campanas-google-ads\/#breadcrumb\"},\"inLanguage\":\"es\",\"potentialAction\":[{\"@type\":\"ReadAction\",\"target\":[\"https:\/\/threeautomation.com\/es\/producto\/gestion-campanas-google-ads\/\"]}]},{\"@type\":\"ImageObject\",\"inLanguage\":\"es\",\"@id\":\"https:\/\/threeautomation.com\/es\/producto\/gestion-campanas-google-ads\/#primaryimage\",\"url\":\"https:\/\/threeautomation.com\/es\/wp-content\/uploads\/2024\/06\/gestion-campanas-google-ads.webp\",\"contentUrl\":\"https:\/\/threeautomation.com\/es\/wp-content\/uploads\/2024\/06\/gestion-campanas-google-ads.webp\",\"width\":504,\"height\":504,\"caption\":\"Gesti\u00f3n campanas Google Ads\"},{\"@type\":\"BreadcrumbList\",\"@id\":\"https:\/\/threeautomation.com\/es\/producto\/gestion-campanas-google-ads\/#breadcrumb\",\"itemListElement\":[{\"@type\":\"ListItem\",\"position\":1,\"name\":\"Portada\",\"item\":\"https:\/\/threeautomation.com\/es\/\"},{\"@type\":\"ListItem\",\"position\":2,\"name\":\"Tienda\",\"item\":\"https:\/\/threeautomation.com\/es\/tienda\/\"},{\"@type\":\"ListItem\",\"position\":3,\"name\":\"Gesti\u00f3n de Campa\u00f1as Google Ads\"}]},{\"@type\":\"WebSite\",\"@id\":\"https:\/\/threeautomation.com\/es\/#website\",\"url\":\"https:\/\/threeautomation.com\/es\/\",\"name\":\"Threeautomation ES\",\"description\":\"Threeautomation | Agencia de Transformaci\u00f3n Digital  | Soluciones que Venden\",\"publisher\":{\"@id\":\"https:\/\/threeautomation.com\/es\/#organization\"},\"potentialAction\":[{\"@type\":\"SearchAction\",\"target\":{\"@type\":\"EntryPoint\",\"urlTemplate\":\"https:\/\/threeautomation.com\/es\/?s={search_term_string}\"},\"query-input\":{\"@type\":\"PropertyValueSpecification\",\"valueRequired\":true,\"valueName\":\"search_term_string\"}}],\"inLanguage\":\"es\"},{\"@type\":\"Organization\",\"@id\":\"https:\/\/threeautomation.com\/es\/#organization\",\"name\":\"Threeautomation\",\"url\":\"https:\/\/threeautomation.com\/es\/\",\"logo\":{\"@type\":\"ImageObject\",\"inLanguage\":\"es\",\"@id\":\"https:\/\/threeautomation.com\/es\/#\/schema\/logo\/image\/\",\"url\":\"https:\/\/threeautomation.com\/es\/wp-content\/uploads\/2024\/02\/cropped-cropped-favicon-es.png\",\"contentUrl\":\"https:\/\/threeautomation.com\/es\/wp-content\/uploads\/2024\/02\/cropped-cropped-favicon-es.png\",\"width\":512,\"height\":485,\"caption\":\"Threeautomation\"},\"image\":{\"@id\":\"https:\/\/threeautomation.com\/es\/#\/schema\/logo\/image\/\"},\"sameAs\":[\"https:\/\/web.facebook.com\/Threeautomation\/\",\"https:\/\/www.instagram.com\/threeautomation\/\"]}]}<\/script>\n<!-- \/ Yoast SEO plugin. -->","yoast_head_json":{"title":"Gesti\u00f3n de Campa\u00f1as Google Ads \u25b7 \u00a1Cont\u00e1ctanos Ahora!","description":"Gesti\u00f3n de Campa\u00f1as Google Ads | \ud83d\udfe2 ThreeAutomation\u00ae | Vamos a Cambiar Tus Resultados en Ventas - No Esperes, Contactanos Ahora \u25b7 Clic Aqu\u00ed","robots":{"index":"index","follow":"follow","max-snippet":"max-snippet:-1","max-image-preview":"max-image-preview:large","max-video-preview":"max-video-preview:-1"},"canonical":"https:\/\/threeautomation.com\/es\/producto\/gestion-campanas-google-ads\/","og_locale":"es_ES","og_type":"article","og_title":"Gesti\u00f3n de Campa\u00f1as Google Ads \u25b7 \u00a1Cont\u00e1ctanos Ahora!","og_description":"Gesti\u00f3n de Campa\u00f1as Google Ads | \ud83d\udfe2 ThreeAutomation\u00ae | Vamos a Cambiar Tus Resultados en Ventas - No Esperes, Contactanos Ahora \u25b7 Clic Aqu\u00ed","og_url":"https:\/\/threeautomation.com\/es\/producto\/gestion-campanas-google-ads\/","og_site_name":"Threeautomation ES","article_publisher":"https:\/\/web.facebook.com\/Threeautomation\/","article_modified_time":"2025-09-05T14:58:52+00:00","og_image":[{"width":504,"height":504,"url":"https:\/\/threeautomation.com\/es\/wp-content\/uploads\/2024\/06\/gestion-campanas-google-ads.webp","type":"image\/webp"}],"twitter_card":"summary_large_image","twitter_misc":{"Tiempo de lectura":"2 minutos"},"schema":{"@context":"https:\/\/schema.org","@graph":[{"@type":"WebPage","@id":"https:\/\/threeautomation.com\/es\/producto\/gestion-campanas-google-ads\/","url":"https:\/\/threeautomation.com\/es\/producto\/gestion-campanas-google-ads\/","name":"Gesti\u00f3n de Campa\u00f1as Google Ads \u25b7 \u00a1Cont\u00e1ctanos Ahora!","isPartOf":{"@id":"https:\/\/threeautomation.com\/es\/#website"},"primaryImageOfPage":{"@id":"https:\/\/threeautomation.com\/es\/producto\/gestion-campanas-google-ads\/#primaryimage"},"image":{"@id":"https:\/\/threeautomation.com\/es\/producto\/gestion-campanas-google-ads\/#primaryimage"},"thumbnailUrl":"https:\/\/threeautomation.com\/es\/wp-content\/uploads\/2024\/06\/gestion-campanas-google-ads.webp","datePublished":"2024-06-20T15:54:14+00:00","dateModified":"2025-09-05T14:58:52+00:00","description":"Gesti\u00f3n de Campa\u00f1as Google Ads | \ud83d\udfe2 ThreeAutomation\u00ae | Vamos a Cambiar Tus Resultados en Ventas - No Esperes, Contactanos Ahora \u25b7 Clic Aqu\u00ed","breadcrumb":{"@id":"https:\/\/threeautomation.com\/es\/producto\/gestion-campanas-google-ads\/#breadcrumb"},"inLanguage":"es","potentialAction":[{"@type":"ReadAction","target":["https:\/\/threeautomation.com\/es\/producto\/gestion-campanas-google-ads\/"]}]},{"@type":"ImageObject","inLanguage":"es","@id":"https:\/\/threeautomation.com\/es\/producto\/gestion-campanas-google-ads\/#primaryimage","url":"https:\/\/threeautomation.com\/es\/wp-content\/uploads\/2024\/06\/gestion-campanas-google-ads.webp","contentUrl":"https:\/\/threeautomation.com\/es\/wp-content\/uploads\/2024\/06\/gestion-campanas-google-ads.webp","width":504,"height":504,"caption":"Gesti\u00f3n campanas Google Ads"},{"@type":"BreadcrumbList","@id":"https:\/\/threeautomation.com\/es\/producto\/gestion-campanas-google-ads\/#breadcrumb","itemListElement":[{"@type":"ListItem","position":1,"name":"Portada","item":"https:\/\/threeautomation.com\/es\/"},{"@type":"ListItem","position":2,"name":"Tienda","item":"https:\/\/threeautomation.com\/es\/tienda\/"},{"@type":"ListItem","position":3,"name":"Gesti\u00f3n de Campa\u00f1as Google Ads"}]},{"@type":"WebSite","@id":"https:\/\/threeautomation.com\/es\/#website","url":"https:\/\/threeautomation.com\/es\/","name":"Threeautomation ES","description":"Threeautomation | Agencia de Transformaci\u00f3n Digital  | Soluciones que Venden","publisher":{"@id":"https:\/\/threeautomation.com\/es\/#organization"},"potentialAction":[{"@type":"SearchAction","target":{"@type":"EntryPoint","urlTemplate":"https:\/\/threeautomation.com\/es\/?s={search_term_string}"},"query-input":{"@type":"PropertyValueSpecification","valueRequired":true,"valueName":"search_term_string"}}],"inLanguage":"es"},{"@type":"Organization","@id":"https:\/\/threeautomation.com\/es\/#organization","name":"Threeautomation","url":"https:\/\/threeautomation.com\/es\/","logo":{"@type":"ImageObject","inLanguage":"es","@id":"https:\/\/threeautomation.com\/es\/#\/schema\/logo\/image\/","url":"https:\/\/threeautomation.com\/es\/wp-content\/uploads\/2024\/02\/cropped-cropped-favicon-es.png","contentUrl":"https:\/\/threeautomation.com\/es\/wp-content\/uploads\/2024\/02\/cropped-cropped-favicon-es.png","width":512,"height":485,"caption":"Threeautomation"},"image":{"@id":"https:\/\/threeautomation.com\/es\/#\/schema\/logo\/image\/"},"sameAs":["https:\/\/web.facebook.com\/Threeautomation\/","https:\/\/www.instagram.com\/threeautomation\/"]}]}},"_links":{"self":[{"href":"https:\/\/threeautomation.com\/es\/wp-json\/wp\/v2\/product\/2894","targetHints":{"allow":["GET"]}}],"collection":[{"href":"https:\/\/threeautomation.com\/es\/wp-json\/wp\/v2\/product"}],"about":[{"href":"https:\/\/threeautomation.com\/es\/wp-json\/wp\/v2\/types\/product"}],"replies":[{"embeddable":true,"href":"https:\/\/threeautomation.com\/es\/wp-json\/wp\/v2\/comments?post=2894"}],"version-history":[{"count":4,"href":"https:\/\/threeautomation.com\/es\/wp-json\/wp\/v2\/product\/2894\/revisions"}],"predecessor-version":[{"id":4904,"href":"https:\/\/threeautomation.com\/es\/wp-json\/wp\/v2\/product\/2894\/revisions\/4904"}],"wp:featuredmedia":[{"embeddable":true,"href":"https:\/\/threeautomation.com\/es\/wp-json\/wp\/v2\/media\/2896"}],"wp:attachment":[{"href":"https:\/\/threeautomation.com\/es\/wp-json\/wp\/v2\/media?parent=2894"}],"wp:term":[{"taxonomy":"product_brand","embeddable":true,"href":"https:\/\/threeautomation.com\/es\/wp-json\/wp\/v2\/product_brand?post=2894"},{"taxonomy":"product_cat","embeddable":true,"href":"https:\/\/threeautomation.com\/es\/wp-json\/wp\/v2\/product_cat?post=2894"},{"taxonomy":"product_tag","embeddable":true,"href":"https:\/\/threeautomation.com\/es\/wp-json\/wp\/v2\/product_tag?post=2894"}],"curies":[{"name":"wp","href":"https:\/\/api.w.org\/{rel}","templated":true}]}}