{"id":2847,"date":"2024-06-18T16:53:12","date_gmt":"2024-06-18T21:53:12","guid":{"rendered":"https:\/\/threeautomation.com\/es\/?post_type=product&#038;p=2847"},"modified":"2024-09-25T17:58:41","modified_gmt":"2024-09-25T22:58:41","slug":"sistema-odoo","status":"publish","type":"product","link":"https:\/\/threeautomation.com\/es\/producto\/sistema-odoo\/","title":{"rendered":"Sistema Odoo"},"content":{"rendered":"\t\t<div data-elementor-type=\"wp-post\" data-elementor-id=\"2847\" class=\"elementor elementor-2847\" data-elementor-post-type=\"product\">\n\t\t\t\t<div class=\"elementor-element elementor-element-2b22425d e-flex e-con-boxed e-con e-parent\" data-id=\"2b22425d\" data-element_type=\"container\">\n\t\t\t\t\t<div class=\"e-con-inner\">\n\t\t\t\t<div class=\"elementor-element elementor-element-3eec2552 elementor-widget elementor-widget-heading\" data-id=\"3eec2552\" data-element_type=\"widget\" data-widget_type=\"heading.default\">\n\t\t\t\t<div class=\"elementor-widget-container\">\n\t\t\t\t\t<h2 class=\"elementor-heading-title elementor-size-default\">Transforma tu negocio con Odoo<\/h2>\t\t\t\t<\/div>\n\t\t\t\t<\/div>\n\t\t\t\t<div class=\"elementor-element elementor-element-5c9d411 elementor-widget elementor-widget-text-editor\" data-id=\"5c9d411\" data-element_type=\"widget\" data-widget_type=\"text-editor.default\">\n\t\t\t\t<div class=\"elementor-widget-container\">\n\t\t\t\t\t\t\t\t\t<p data-sourcepos=\"3:1-3:203\"><strong>Sistema Odoo<\/strong>, la soluci\u00f3n n\u00famero #1.\u00a0<\/p><p data-sourcepos=\"3:1-3:203\">\u00bfEst\u00e1s cansado o cansada de lidiar con m\u00faltiples sistemas y procesos desconectados en tu empresa?\u00a0<\/p><p data-sourcepos=\"3:1-3:203\">\u00bfQuieres optimizar tus operaciones y llevar tu negocio al siguiente nivel?<\/p><p style=\"text-align: center;\" data-sourcepos=\"3:1-3:203\"><strong>\u00a1Odoo es la soluci\u00f3n que est\u00e1s buscando!<\/strong><\/p><p style=\"text-align: center;\">\u00a0<\/p>\t\t\t\t\t\t\t\t<\/div>\n\t\t\t\t<\/div>\n\t\t\t\t<div class=\"elementor-element elementor-element-3530fd10 elementor-align-center elementor-widget elementor-widget-button\" data-id=\"3530fd10\" data-element_type=\"widget\" data-widget_type=\"button.default\">\n\t\t\t\t<div class=\"elementor-widget-container\">\n\t\t\t\t\t\t\t\t\t<div class=\"elementor-button-wrapper\">\n\t\t\t\t\t<a class=\"elementor-button elementor-button-link elementor-size-sm\" href=\"https:\/\/wa.me\/573107632052?text=%C2%A1Hola%20Diego!Requiero%20informaci%C3%B3n%20de:%20\" target=\"_blank\" rel=\"nofollow\">\n\t\t\t\t\t\t<span class=\"elementor-button-content-wrapper\">\n\t\t\t\t\t\t\t\t\t<span class=\"elementor-button-text\">\u00a1Contactar un Asesor Ahora!<\/span>\n\t\t\t\t\t<\/span>\n\t\t\t\t\t<\/a>\n\t\t\t\t<\/div>\n\t\t\t\t\t\t\t\t<\/div>\n\t\t\t\t<\/div>\n\t\t\t\t<div class=\"elementor-element elementor-element-a345053 elementor-widget elementor-widget-heading\" data-id=\"a345053\" data-element_type=\"widget\" data-widget_type=\"heading.default\">\n\t\t\t\t<div class=\"elementor-widget-container\">\n\t\t\t\t\t<h2 class=\"elementor-heading-title elementor-size-default\">Odoo la plataforma todo en uno que revoluciona la gesti\u00f3n empresarial<\/h2>\t\t\t\t<\/div>\n\t\t\t\t<\/div>\n\t\t\t\t<div class=\"elementor-element elementor-element-9845d5e elementor-widget elementor-widget-text-editor\" data-id=\"9845d5e\" data-element_type=\"widget\" data-widget_type=\"text-editor.default\">\n\t\t\t\t<div class=\"elementor-widget-container\">\n\t\t\t\t\t\t\t\t\t<p data-sourcepos=\"7:1-7:205\">Imagina tener todas las herramientas que necesitas para administrar tu negocio en un solo lugar. El <strong>sistema Odoo<\/strong> te ofrece una suite completa de aplicaciones, que cubren todas las \u00e1reas de tu empresa, aqu\u00ed tienes todo lo que integra la soluci\u00f3n:<\/p><ul data-sourcepos=\"9:1-16:1\"><li data-sourcepos=\"9:1-9:95\"><span style=\"color: #333399;\"><strong>Ventas:<\/strong><\/span> Gestiona tus clientes, oportunidades, presupuestos y pedidos de manera eficiente.<\/li><li data-sourcepos=\"10:1-10:79\"><span style=\"color: #333399;\"><strong>CRM:<\/strong><\/span> Fortalece tus relaciones con los clientes y aumenta su satisfacci\u00f3n.<\/li><li data-sourcepos=\"11:1-11:104\"><strong>Inventario:<\/strong> Controla tus existencias, optimiza tus niveles de inventario y evita roturas de stock.<\/li><li data-sourcepos=\"12:1-12:100\"><strong>Contabilidad:<\/strong> Automatiza tus procesos contables y financieros, ahorra tiempo y reduce errores.<\/li><li data-sourcepos=\"13:1-13:102\"><strong>Recursos Humanos:<\/strong> Simplifica la gesti\u00f3n de tus empleados, desde la contrataci\u00f3n hasta la n\u00f3mina.<\/li><li data-sourcepos=\"14:1-14:92\"><strong>Marketing:<\/strong> Atrae a nuevos clientes y fideliza a los existentes con campa\u00f1as efectivas.<\/li><li data-sourcepos=\"15:1-15:106\"><strong>Producci\u00f3n:<\/strong> Planifica y controla tus procesos de fabricaci\u00f3n, optimiza tus recursos y reduce costos.<\/li><li data-sourcepos=\"16:1-16:1\"><strong>Proyecto:<\/strong> Gestiona tus proyectos de manera eficiente, cumple plazos y controla tus presupuestos.<\/li><\/ul><p><strong>&#8230;y mucho m\u00e1s!<\/strong> Odoo se adapta a tus necesidades espec\u00edficas con una amplia gama de m\u00f3dulos adicionales.<\/p>\t\t\t\t\t\t\t\t<\/div>\n\t\t\t\t<\/div>\n\t\t\t\t<div class=\"elementor-element elementor-element-9d86511 elementor-widget elementor-widget-heading\" data-id=\"9d86511\" data-element_type=\"widget\" data-widget_type=\"heading.default\">\n\t\t\t\t<div class=\"elementor-widget-container\">\n\t\t\t\t\t<h2 class=\"elementor-heading-title elementor-size-default\">\u00bfPor qu\u00e9 elegir Odoo para tu negocio?<\/h2>\t\t\t\t<\/div>\n\t\t\t\t<\/div>\n\t\t\t\t\t<\/div>\n\t\t\t\t<\/div>\n\t\t<div class=\"elementor-element elementor-element-35a738be e-flex e-con-boxed e-con e-parent\" data-id=\"35a738be\" data-element_type=\"container\">\n\t\t\t\t\t<div class=\"e-con-inner\">\n\t\t\t\t<div class=\"elementor-element elementor-element-20239b5 elementor-widget elementor-widget-text-editor\" data-id=\"20239b5\" data-element_type=\"widget\" data-widget_type=\"text-editor.default\">\n\t\t\t\t<div class=\"elementor-widget-container\">\n\t\t\t\t\t\t\t\t\t<p><strong>Integraci\u00f3n total:<\/strong> Olv\u00eddate de los problemas de compatibilidad entre sistemas, Odoo te ofrece una plataforma unificada que centraliza toda tu informaci\u00f3n y procesos.<\/p><p><strong>Flexibilidad y escalabilidad:<\/strong> Se adapta a tu negocio, ya sea grande o peque\u00f1o, y crece contigo a medida que evolucionas.<\/p><p><strong>Facilidad de uso:<\/strong> Interfaz intuitiva, f\u00e1cil de aprender y usar, incluso para usuarios sin experiencia.<\/p><p><strong>Personalizaci\u00f3n:<\/strong> Los m\u00f3dulos personalizables y flujos de trabajo a la medida.<\/p><p><strong>Soporte y comunidad:<\/strong> Por ser un sistema <strong><em>open<\/em>&#8211;<em>source<\/em><\/strong>, cuenta con el respaldo de una amplia comunidad de usuarios y expertos que te ayudar\u00e1n en todo momento.<\/p><div class=\"resize-observable\" style=\"text-align: center;\"><span style=\"font-size: inherit; font-family: -apple-system, system-ui, BlinkMacSystemFont, 'Segoe UI', Helvetica, Arial, sans-serif, 'Apple Color Emoji', 'Segoe UI Emoji', 'Segoe UI Symbol';\">Nuestra plataforma #1 integra Ventas, CRM, Inventario, Contabilidad, \u00a1y mucho m\u00e1s!<\/span><\/div><div class=\"resize-observable\" style=\"text-align: center;\"><span style=\"font-size: inherit; font-family: -apple-system, system-ui, BlinkMacSystemFont, 'Segoe UI', Helvetica, Arial, sans-serif, 'Apple Color Emoji', 'Segoe UI Emoji', 'Segoe UI Symbol';\">\u00danete a la Transformaci\u00f3n Digital con<strong> Odoo<\/strong><\/span><\/div><div>\u00a0<\/div><p data-sourcepos=\"27:1-27:48\"><strong>\u00a1No esperes m\u00e1s para transformar tu negocio!<\/strong><\/p><p data-sourcepos=\"27:1-27:48\"><em><strong><a href=\"https:\/\/wa.me\/573107632052?text=%C2%A1Hola%20Diego!%0ARequiero%20Informaci%C3%B3n%20de:\" target=\"_blank\" rel=\"noopener\">\u00a1Clic para Contactar un Asesor Ahora!<\/a><\/strong><\/em><\/p><p data-sourcepos=\"27:1-27:48\">Te Sugiero:<a href=\"https:\/\/threeautomation.com\/es\/producto\/servicio-seo-estrategico\/\">servicio seo Estrat\u00e9gico<\/a><\/p>\t\t\t\t\t\t\t\t<\/div>\n\t\t\t\t<\/div>\n\t\t\t\t\t<\/div>\n\t\t\t\t<\/div>\n\t\t\t\t<\/div>\n\t\t","protected":false},"excerpt":{"rendered":"<p style=\"text-align: center;\">\u00a1Simplifica tu gesti\u00f3n empresarial!<\/p>\n<p style=\"text-align: center;\" data-sourcepos=\"5:1-5:233\"><span style=\"color: #31f935;\"><strong><a class=\"gb-button gb-button-3169703f gb-button-text\" style=\"color: #31f935;\" href=\"https:\/\/wa.me\/573107632052?text=%C2%A1Hola%20Diego!%0ARequiero%20informaci%C3%B3n%20de:%20\" target=\"_blank\" rel=\"nofollow noopener noreferrer\">\u00a1Clic Aqu\u00ed!<\/a><\/strong><\/span><\/p>\n","protected":false},"featured_media":2848,"comment_status":"open","ping_status":"closed","template":"elementor_theme","meta":{"editor_plus_copied_stylings":"{}"},"product_brand":[],"product_cat":[36],"product_tag":[26,40],"class_list":{"0":"post-2847","1":"product","2":"type-product","3":"status-publish","4":"has-post-thumbnail","6":"product_cat-transformacion-digital","7":"product_tag-agencia-de-marketing-digital","8":"product_tag-servicios-de-marketing-digital","9":"sales-flash-overlay","10":"woocommerce-text-align-center","11":"woocommerce-image-align-center","12":"do-quantity-buttons","13":"wc-has-gallery","15":"first","16":"outofstock","17":"shipping-taxable","18":"product-type-simple"},"yoast_head":"<!-- This site is optimized with the Yoast SEO plugin v26.1.1 - https:\/\/yoast.com\/wordpress\/plugins\/seo\/ -->\n<title>Sistema Odoo | Revoluciona tu Gesti\u00f3n Empresarial | Clic Aqu\u00ed<\/title>\n<meta name=\"description\" content=\"Sistema Odoo | Threeautomation\u00ae | Optimiza Tu Negocio con Nuestra Implementaci\u00f3n de Odoo | Mejora tu eficiencia \u00a1Cont\u00e1ctanos Hoy para una Demo Gratis!\" \/>\n<meta name=\"robots\" content=\"index, follow, max-snippet:-1, max-image-preview:large, max-video-preview:-1\" \/>\n<link rel=\"canonical\" href=\"https:\/\/threeautomation.com\/es\/producto\/sistema-odoo\/\" \/>\n<meta property=\"og:locale\" content=\"es_ES\" \/>\n<meta property=\"og:type\" content=\"article\" \/>\n<meta property=\"og:title\" content=\"Sistema Odoo | Revoluciona tu Gesti\u00f3n Empresarial | Clic Aqu\u00ed\" \/>\n<meta property=\"og:description\" content=\"Sistema Odoo | Threeautomation\u00ae | Optimiza Tu Negocio con Nuestra Implementaci\u00f3n de Odoo | Mejora tu eficiencia \u00a1Cont\u00e1ctanos Hoy para una Demo Gratis!\" \/>\n<meta property=\"og:url\" content=\"https:\/\/threeautomation.com\/es\/producto\/sistema-odoo\/\" \/>\n<meta property=\"og:site_name\" content=\"Threeautomation ES\" \/>\n<meta property=\"article:publisher\" content=\"https:\/\/web.facebook.com\/Threeautomation\/\" \/>\n<meta property=\"article:modified_time\" content=\"2024-09-25T22:58:41+00:00\" \/>\n<meta property=\"og:image\" content=\"https:\/\/threeautomation.com\/es\/wp-content\/uploads\/2024\/06\/sistema-odoo.webp\" \/>\n\t<meta property=\"og:image:width\" content=\"504\" \/>\n\t<meta property=\"og:image:height\" content=\"504\" \/>\n\t<meta property=\"og:image:type\" content=\"image\/webp\" \/>\n<meta name=\"twitter:card\" content=\"summary_large_image\" \/>\n<meta name=\"twitter:label1\" content=\"Tiempo de lectura\" \/>\n\t<meta name=\"twitter:data1\" content=\"2 minutos\" \/>\n<script type=\"application\/ld+json\" class=\"yoast-schema-graph\">{\"@context\":\"https:\/\/schema.org\",\"@graph\":[{\"@type\":\"WebPage\",\"@id\":\"https:\/\/threeautomation.com\/es\/producto\/sistema-odoo\/\",\"url\":\"https:\/\/threeautomation.com\/es\/producto\/sistema-odoo\/\",\"name\":\"Sistema Odoo | Revoluciona tu Gesti\u00f3n Empresarial | Clic Aqu\u00ed\",\"isPartOf\":{\"@id\":\"https:\/\/threeautomation.com\/es\/#website\"},\"primaryImageOfPage\":{\"@id\":\"https:\/\/threeautomation.com\/es\/producto\/sistema-odoo\/#primaryimage\"},\"image\":{\"@id\":\"https:\/\/threeautomation.com\/es\/producto\/sistema-odoo\/#primaryimage\"},\"thumbnailUrl\":\"https:\/\/threeautomation.com\/es\/wp-content\/uploads\/2024\/06\/sistema-odoo.webp\",\"datePublished\":\"2024-06-18T21:53:12+00:00\",\"dateModified\":\"2024-09-25T22:58:41+00:00\",\"description\":\"Sistema Odoo | Threeautomation\u00ae | Optimiza Tu Negocio con Nuestra Implementaci\u00f3n de Odoo | Mejora tu eficiencia \u00a1Cont\u00e1ctanos Hoy para una Demo Gratis!\",\"breadcrumb\":{\"@id\":\"https:\/\/threeautomation.com\/es\/producto\/sistema-odoo\/#breadcrumb\"},\"inLanguage\":\"es\",\"potentialAction\":[{\"@type\":\"ReadAction\",\"target\":[\"https:\/\/threeautomation.com\/es\/producto\/sistema-odoo\/\"]}]},{\"@type\":\"ImageObject\",\"inLanguage\":\"es\",\"@id\":\"https:\/\/threeautomation.com\/es\/producto\/sistema-odoo\/#primaryimage\",\"url\":\"https:\/\/threeautomation.com\/es\/wp-content\/uploads\/2024\/06\/sistema-odoo.webp\",\"contentUrl\":\"https:\/\/threeautomation.com\/es\/wp-content\/uploads\/2024\/06\/sistema-odoo.webp\",\"width\":504,\"height\":504,\"caption\":\"Infograf\u00eda de producto sistema odoo\"},{\"@type\":\"BreadcrumbList\",\"@id\":\"https:\/\/threeautomation.com\/es\/producto\/sistema-odoo\/#breadcrumb\",\"itemListElement\":[{\"@type\":\"ListItem\",\"position\":1,\"name\":\"Portada\",\"item\":\"https:\/\/threeautomation.com\/es\/\"},{\"@type\":\"ListItem\",\"position\":2,\"name\":\"Tienda\",\"item\":\"https:\/\/threeautomation.com\/es\/tienda\/\"},{\"@type\":\"ListItem\",\"position\":3,\"name\":\"Sistema Odoo\"}]},{\"@type\":\"WebSite\",\"@id\":\"https:\/\/threeautomation.com\/es\/#website\",\"url\":\"https:\/\/threeautomation.com\/es\/\",\"name\":\"Threeautomation ES\",\"description\":\"Threeautomation | Agencia de Transformaci\u00f3n Digital  | Soluciones que Venden\",\"publisher\":{\"@id\":\"https:\/\/threeautomation.com\/es\/#organization\"},\"potentialAction\":[{\"@type\":\"SearchAction\",\"target\":{\"@type\":\"EntryPoint\",\"urlTemplate\":\"https:\/\/threeautomation.com\/es\/?s={search_term_string}\"},\"query-input\":{\"@type\":\"PropertyValueSpecification\",\"valueRequired\":true,\"valueName\":\"search_term_string\"}}],\"inLanguage\":\"es\"},{\"@type\":\"Organization\",\"@id\":\"https:\/\/threeautomation.com\/es\/#organization\",\"name\":\"Threeautomation\",\"url\":\"https:\/\/threeautomation.com\/es\/\",\"logo\":{\"@type\":\"ImageObject\",\"inLanguage\":\"es\",\"@id\":\"https:\/\/threeautomation.com\/es\/#\/schema\/logo\/image\/\",\"url\":\"https:\/\/threeautomation.com\/es\/wp-content\/uploads\/2024\/02\/cropped-cropped-favicon-es.png\",\"contentUrl\":\"https:\/\/threeautomation.com\/es\/wp-content\/uploads\/2024\/02\/cropped-cropped-favicon-es.png\",\"width\":512,\"height\":485,\"caption\":\"Threeautomation\"},\"image\":{\"@id\":\"https:\/\/threeautomation.com\/es\/#\/schema\/logo\/image\/\"},\"sameAs\":[\"https:\/\/web.facebook.com\/Threeautomation\/\",\"https:\/\/www.instagram.com\/threeautomation\/\"]}]}<\/script>\n<!-- \/ Yoast SEO plugin. -->","yoast_head_json":{"title":"Sistema Odoo | Revoluciona tu Gesti\u00f3n Empresarial | Clic Aqu\u00ed","description":"Sistema Odoo | Threeautomation\u00ae | Optimiza Tu Negocio con Nuestra Implementaci\u00f3n de Odoo | Mejora tu eficiencia \u00a1Cont\u00e1ctanos Hoy para una Demo Gratis!","robots":{"index":"index","follow":"follow","max-snippet":"max-snippet:-1","max-image-preview":"max-image-preview:large","max-video-preview":"max-video-preview:-1"},"canonical":"https:\/\/threeautomation.com\/es\/producto\/sistema-odoo\/","og_locale":"es_ES","og_type":"article","og_title":"Sistema Odoo | Revoluciona tu Gesti\u00f3n Empresarial | Clic Aqu\u00ed","og_description":"Sistema Odoo | Threeautomation\u00ae | Optimiza Tu Negocio con Nuestra Implementaci\u00f3n de Odoo | Mejora tu eficiencia \u00a1Cont\u00e1ctanos Hoy para una Demo Gratis!","og_url":"https:\/\/threeautomation.com\/es\/producto\/sistema-odoo\/","og_site_name":"Threeautomation ES","article_publisher":"https:\/\/web.facebook.com\/Threeautomation\/","article_modified_time":"2024-09-25T22:58:41+00:00","og_image":[{"width":504,"height":504,"url":"https:\/\/threeautomation.com\/es\/wp-content\/uploads\/2024\/06\/sistema-odoo.webp","type":"image\/webp"}],"twitter_card":"summary_large_image","twitter_misc":{"Tiempo de lectura":"2 minutos"},"schema":{"@context":"https:\/\/schema.org","@graph":[{"@type":"WebPage","@id":"https:\/\/threeautomation.com\/es\/producto\/sistema-odoo\/","url":"https:\/\/threeautomation.com\/es\/producto\/sistema-odoo\/","name":"Sistema Odoo | Revoluciona tu Gesti\u00f3n Empresarial | Clic Aqu\u00ed","isPartOf":{"@id":"https:\/\/threeautomation.com\/es\/#website"},"primaryImageOfPage":{"@id":"https:\/\/threeautomation.com\/es\/producto\/sistema-odoo\/#primaryimage"},"image":{"@id":"https:\/\/threeautomation.com\/es\/producto\/sistema-odoo\/#primaryimage"},"thumbnailUrl":"https:\/\/threeautomation.com\/es\/wp-content\/uploads\/2024\/06\/sistema-odoo.webp","datePublished":"2024-06-18T21:53:12+00:00","dateModified":"2024-09-25T22:58:41+00:00","description":"Sistema Odoo | Threeautomation\u00ae | Optimiza Tu Negocio con Nuestra Implementaci\u00f3n de Odoo | Mejora tu eficiencia \u00a1Cont\u00e1ctanos Hoy para una Demo Gratis!","breadcrumb":{"@id":"https:\/\/threeautomation.com\/es\/producto\/sistema-odoo\/#breadcrumb"},"inLanguage":"es","potentialAction":[{"@type":"ReadAction","target":["https:\/\/threeautomation.com\/es\/producto\/sistema-odoo\/"]}]},{"@type":"ImageObject","inLanguage":"es","@id":"https:\/\/threeautomation.com\/es\/producto\/sistema-odoo\/#primaryimage","url":"https:\/\/threeautomation.com\/es\/wp-content\/uploads\/2024\/06\/sistema-odoo.webp","contentUrl":"https:\/\/threeautomation.com\/es\/wp-content\/uploads\/2024\/06\/sistema-odoo.webp","width":504,"height":504,"caption":"Infograf\u00eda de producto sistema odoo"},{"@type":"BreadcrumbList","@id":"https:\/\/threeautomation.com\/es\/producto\/sistema-odoo\/#breadcrumb","itemListElement":[{"@type":"ListItem","position":1,"name":"Portada","item":"https:\/\/threeautomation.com\/es\/"},{"@type":"ListItem","position":2,"name":"Tienda","item":"https:\/\/threeautomation.com\/es\/tienda\/"},{"@type":"ListItem","position":3,"name":"Sistema Odoo"}]},{"@type":"WebSite","@id":"https:\/\/threeautomation.com\/es\/#website","url":"https:\/\/threeautomation.com\/es\/","name":"Threeautomation ES","description":"Threeautomation | Agencia de Transformaci\u00f3n Digital  | Soluciones que Venden","publisher":{"@id":"https:\/\/threeautomation.com\/es\/#organization"},"potentialAction":[{"@type":"SearchAction","target":{"@type":"EntryPoint","urlTemplate":"https:\/\/threeautomation.com\/es\/?s={search_term_string}"},"query-input":{"@type":"PropertyValueSpecification","valueRequired":true,"valueName":"search_term_string"}}],"inLanguage":"es"},{"@type":"Organization","@id":"https:\/\/threeautomation.com\/es\/#organization","name":"Threeautomation","url":"https:\/\/threeautomation.com\/es\/","logo":{"@type":"ImageObject","inLanguage":"es","@id":"https:\/\/threeautomation.com\/es\/#\/schema\/logo\/image\/","url":"https:\/\/threeautomation.com\/es\/wp-content\/uploads\/2024\/02\/cropped-cropped-favicon-es.png","contentUrl":"https:\/\/threeautomation.com\/es\/wp-content\/uploads\/2024\/02\/cropped-cropped-favicon-es.png","width":512,"height":485,"caption":"Threeautomation"},"image":{"@id":"https:\/\/threeautomation.com\/es\/#\/schema\/logo\/image\/"},"sameAs":["https:\/\/web.facebook.com\/Threeautomation\/","https:\/\/www.instagram.com\/threeautomation\/"]}]}},"_links":{"self":[{"href":"https:\/\/threeautomation.com\/es\/wp-json\/wp\/v2\/product\/2847","targetHints":{"allow":["GET"]}}],"collection":[{"href":"https:\/\/threeautomation.com\/es\/wp-json\/wp\/v2\/product"}],"about":[{"href":"https:\/\/threeautomation.com\/es\/wp-json\/wp\/v2\/types\/product"}],"replies":[{"embeddable":true,"href":"https:\/\/threeautomation.com\/es\/wp-json\/wp\/v2\/comments?post=2847"}],"version-history":[{"count":6,"href":"https:\/\/threeautomation.com\/es\/wp-json\/wp\/v2\/product\/2847\/revisions"}],"predecessor-version":[{"id":4382,"href":"https:\/\/threeautomation.com\/es\/wp-json\/wp\/v2\/product\/2847\/revisions\/4382"}],"wp:featuredmedia":[{"embeddable":true,"href":"https:\/\/threeautomation.com\/es\/wp-json\/wp\/v2\/media\/2848"}],"wp:attachment":[{"href":"https:\/\/threeautomation.com\/es\/wp-json\/wp\/v2\/media?parent=2847"}],"wp:term":[{"taxonomy":"product_brand","embeddable":true,"href":"https:\/\/threeautomation.com\/es\/wp-json\/wp\/v2\/product_brand?post=2847"},{"taxonomy":"product_cat","embeddable":true,"href":"https:\/\/threeautomation.com\/es\/wp-json\/wp\/v2\/product_cat?post=2847"},{"taxonomy":"product_tag","embeddable":true,"href":"https:\/\/threeautomation.com\/es\/wp-json\/wp\/v2\/product_tag?post=2847"}],"curies":[{"name":"wp","href":"https:\/\/api.w.org\/{rel}","templated":true}]}}