{"id":1805,"date":"2024-01-18T18:12:45","date_gmt":"2024-01-18T23:12:45","guid":{"rendered":"https:\/\/threeautomation.com\/es\/?post_type=product&#038;p=1805"},"modified":"2024-09-25T17:26:38","modified_gmt":"2024-09-25T22:26:38","slug":"auditoria-seo","status":"publish","type":"product","link":"https:\/\/threeautomation.com\/es\/producto\/auditoria-seo\/","title":{"rendered":"Auditoria SEO"},"content":{"rendered":"\t\t<div data-elementor-type=\"wp-post\" data-elementor-id=\"1805\" class=\"elementor elementor-1805\" data-elementor-post-type=\"product\">\n\t\t\t\t<div class=\"elementor-element elementor-element-520c7c87 e-flex e-con-boxed e-con e-parent\" data-id=\"520c7c87\" data-element_type=\"container\">\n\t\t\t\t\t<div class=\"e-con-inner\">\n\t\t\t\t<div class=\"elementor-element elementor-element-72da371b elementor-widget elementor-widget-heading\" data-id=\"72da371b\" data-element_type=\"widget\" data-widget_type=\"heading.default\">\n\t\t\t\t<div class=\"elementor-widget-container\">\n\t\t\t\t\t<h2 class=\"elementor-heading-title elementor-size-default\">Auditor\u00eda SEO que Genera Valor<\/h2>\t\t\t\t<\/div>\n\t\t\t\t<\/div>\n\t\t\t\t\t<\/div>\n\t\t\t\t<\/div>\n\t\t<div class=\"elementor-element elementor-element-4eb1f69d e-flex e-con-boxed e-con e-parent\" data-id=\"4eb1f69d\" data-element_type=\"container\">\n\t\t\t\t\t<div class=\"e-con-inner\">\n\t\t\t\t<div class=\"elementor-element elementor-element-4697aee elementor-widget elementor-widget-text-editor\" data-id=\"4697aee\" data-element_type=\"widget\" data-widget_type=\"text-editor.default\">\n\t\t\t\t<div class=\"elementor-widget-container\">\n\t\t\t\t\t\t\t\t\t<p>Nuestro servicio de <strong>Auditor\u00eda SEO,<\/strong> es la soluci\u00f3n perfecta para la identificaci\u00f3n de factores cr\u00edticos, que impiden el buen posicionamiento org\u00e1nico en motores de b\u00fasqueda.<\/p><p>Con nuestro servicio de Auditoria SEO, podr\u00e1s identificar los factores cr\u00edticos de \u00e9xito, que impiden que tu p\u00e1gina web logre las posiciones que tu quieres y sobre todo que logre las primeras posiciones con los t\u00e9rminos de b\u00fasqueda que son relevantes para tu negocio.<\/p>\t\t\t\t\t\t\t\t<\/div>\n\t\t\t\t<\/div>\n\t\t\t\t\t<\/div>\n\t\t\t\t<\/div>\n\t\t<div class=\"elementor-element elementor-element-12ed72cf e-flex e-con-boxed e-con e-parent\" data-id=\"12ed72cf\" data-element_type=\"container\">\n\t\t\t\t\t<div class=\"e-con-inner\">\n\t\t\t\t<div class=\"elementor-element elementor-element-57c8376a elementor-align-center elementor-widget elementor-widget-button\" data-id=\"57c8376a\" data-element_type=\"widget\" data-widget_type=\"button.default\">\n\t\t\t\t<div class=\"elementor-widget-container\">\n\t\t\t\t\t\t\t\t\t<div class=\"elementor-button-wrapper\">\n\t\t\t\t\t<a class=\"elementor-button elementor-button-link elementor-size-sm\" href=\"https:\/\/wa.me\/573107632052?text=%C2%A1Hola%20Diego!Requiero%20informaci%C3%B3n%20de:%20\" target=\"_blank\" rel=\"nofollow\">\n\t\t\t\t\t\t<span class=\"elementor-button-content-wrapper\">\n\t\t\t\t\t\t\t\t\t<span class=\"elementor-button-text\">\u00a1Contactar un Asesor Ahora!<\/span>\n\t\t\t\t\t<\/span>\n\t\t\t\t\t<\/a>\n\t\t\t\t<\/div>\n\t\t\t\t\t\t\t\t<\/div>\n\t\t\t\t<\/div>\n\t\t\t\t\t<\/div>\n\t\t\t\t<\/div>\n\t\t<div class=\"elementor-element elementor-element-18a9af3b e-flex e-con-boxed e-con e-parent\" data-id=\"18a9af3b\" data-element_type=\"container\">\n\t\t\t\t\t<div class=\"e-con-inner\">\n\t\t\t\t<div class=\"elementor-element elementor-element-3753145a elementor-widget elementor-widget-text-editor\" data-id=\"3753145a\" data-element_type=\"widget\" data-widget_type=\"text-editor.default\">\n\t\t\t\t<div class=\"elementor-widget-container\">\n\t\t\t\t\t\t\t\t\t<p>Hemos logrado cambiar los resultados de muchas compa\u00f1\u00edas en varios pa\u00edses y estamos seguros que tambi\u00e9n los vamos a lograr con tu negocio, no esperes m\u00e1s, act\u00faa hoy mismo, para estar digitalmente en el punto que quieres.<\/p><p>Contamos con un equipo experto en Auditoria, que implementa las mejores practicas, para asi lograr identificar eso que te hace falta para conseguir los objetivos de SEO que quieres lograr, este grupo de profesionales se encargar\u00e1 de evaluar a fondo, tu sitio web y\u00a0 te proporcionar\u00e1 un informe de auditoria SEO. Con esto tendr\u00e1s un punto de partida, para realizar todos los ajustes que sean necesarios para web.<\/p><p>Con estos ajustes, impulsar\u00e1s tu presencia en los motores de b\u00fasqueda, aumentar\u00e1s el tr\u00e1fico y las conversiones de tu sitio web.<\/p>\t\t\t\t\t\t\t\t<\/div>\n\t\t\t\t<\/div>\n\t\t\t\t<div class=\"elementor-element elementor-element-e62a29a elementor-widget elementor-widget-heading\" data-id=\"e62a29a\" data-element_type=\"widget\" data-widget_type=\"heading.default\">\n\t\t\t\t<div class=\"elementor-widget-container\">\n\t\t\t\t\t<h2 class=\"elementor-heading-title elementor-size-default\">El alcance de la Auditoria incluye la Evaluaci\u00f3n y An\u00e1lisis de:<\/h2>\t\t\t\t<\/div>\n\t\t\t\t<\/div>\n\t\t\t\t<div class=\"elementor-element elementor-element-6b961cf elementor-widget elementor-widget-text-editor\" data-id=\"6b961cf\" data-element_type=\"widget\" data-widget_type=\"text-editor.default\">\n\t\t\t\t<div class=\"elementor-widget-container\">\n\t\t\t\t\t\t\t\t\t<p>Arquitectura SEO.<\/p><ol><li>\u00a0URLs<\/li><li>Headings<\/li><li>Contenidos<\/li><li>Metadatos<\/li><li>Enlazado Interno<\/li><li>Im\u00e1genes<\/li><li>Archivos Robots.txt y Sitemap.xml<\/li><li>Canibalizaciones<\/li><li>Soporte para M\u00f3viles<\/li><li>WPO (Web Performance Optimization)<\/li><li>SEO Off Page<\/li><li>Plan de Acci\u00f3n y Recomendaciones<\/li><li>Sesiones de Consultor\u00eda con Experto SEO<\/li><\/ol><p>Est\u00e1 en tus manos dar el primer paso Auditando tu sitio web y tomar la ventaja competitiva frente a tus referentes<\/p><p style=\"text-align: center;\"><strong>Auditor\u00eda SEO<\/strong><br \/>\u00a1Desbloquea el potencial oculto de tu sitio web con nuestro Servicio\u00a0Profesional!<\/p><p style=\"text-align: center;\"><strong>\u00a1Llego el monto para que identifiques lo que te falta para estar de primero en Buscadores!<\/strong><\/p><h3><a href=\"https:\/\/wa.me\/573107632052?text=%C2%A1Hola%20Diego!%0ARequiero%20Informaci%C3%B3n%20de:\" target=\"_blank\" rel=\"noopener\"><strong><em>Contactar Un Asesor Ahora<\/em><\/strong>\u00a0<\/a><\/h3><p>Despu\u00e9s de la Auditoria, te sugiero contratar este producto: <a href=\"https:\/\/threeautomation.com\/es\/producto\/servicio-seo-estrategico\/\">Servicio SEO Estrat\u00e9gico<\/a><\/p>\t\t\t\t\t\t\t\t<\/div>\n\t\t\t\t<\/div>\n\t\t\t\t\t<\/div>\n\t\t\t\t<\/div>\n\t\t\t\t<\/div>\n\t\t","protected":false},"excerpt":{"rendered":"<p style=\"text-align: center;\">\u00bfQuieres Estar en la 1a P\u00e1gina en Google?<\/p>\n<p style=\"text-align: center;\" data-sourcepos=\"5:1-5:233\"><span style=\"color: #31f935;\"><strong><a class=\"gb-button gb-button-3169703f gb-button-text\" style=\"color: #31f935;\" href=\"https:\/\/wa.me\/573107632052?text=%C2%A1Hola%20Diego!%0ARequiero%20informaci%C3%B3n%20de:%20\" target=\"_blank\" rel=\"nofollow noopener noreferrer\">\u00a1Clic Aqu\u00ed!<\/a><\/strong><\/span><\/p>\n","protected":false},"featured_media":1969,"comment_status":"open","ping_status":"closed","template":"elementor_theme","meta":{"editor_plus_copied_stylings":"{}"},"product_brand":[],"product_cat":[32],"product_tag":[26,41,39,40],"class_list":{"0":"post-1805","1":"product","2":"type-product","3":"status-publish","4":"has-post-thumbnail","6":"product_cat-seo","7":"product_tag-agencia-de-marketing-digital","8":"product_tag-marketing-digital-en-bucaramanga","9":"product_tag-marketing-digital-en-cali","10":"product_tag-servicios-de-marketing-digital","11":"sales-flash-overlay","12":"woocommerce-text-align-center","13":"woocommerce-image-align-center","14":"do-quantity-buttons","15":"wc-has-gallery","17":"first","18":"outofstock","19":"shipping-taxable","20":"product-type-simple"},"yoast_head":"<!-- This site is optimized with the Yoast SEO plugin v26.1.1 - https:\/\/yoast.com\/wordpress\/plugins\/seo\/ -->\n<title>Auditor\u00eda SEO | \u25b7\u00a0Identifica lo Que No Puedes Ver | \u00a1Act\u00faa Ahora!<\/title>\n<meta name=\"description\" content=\"Auditor\u00eda SEO | Con ThreeAutomation\u00ae | \ud83d\udc49 Transforma tu Estrategia Online | Descubre c\u00f3mo Posicionarte en el Primer Lugar de los Buscadores \u00a1Clic Aqu\u00ed!\" \/>\n<meta name=\"robots\" content=\"index, follow, max-snippet:-1, max-image-preview:large, max-video-preview:-1\" \/>\n<link rel=\"canonical\" href=\"https:\/\/threeautomation.com\/es\/producto\/auditoria-seo\/\" \/>\n<meta property=\"og:locale\" content=\"es_ES\" \/>\n<meta property=\"og:type\" content=\"article\" \/>\n<meta property=\"og:title\" content=\"Auditor\u00eda SEO | \u25b7\u00a0Identifica lo Que No Puedes Ver | \u00a1Act\u00faa Ahora!\" \/>\n<meta property=\"og:description\" content=\"Auditor\u00eda SEO | Con ThreeAutomation\u00ae | \ud83d\udc49 Transforma tu Estrategia Online | Descubre c\u00f3mo Posicionarte en el Primer Lugar de los Buscadores \u00a1Clic Aqu\u00ed!\" \/>\n<meta property=\"og:url\" content=\"https:\/\/threeautomation.com\/es\/producto\/auditoria-seo\/\" \/>\n<meta property=\"og:site_name\" content=\"Threeautomation ES\" \/>\n<meta property=\"article:publisher\" content=\"https:\/\/web.facebook.com\/Threeautomation\/\" \/>\n<meta property=\"article:modified_time\" content=\"2024-09-25T22:26:38+00:00\" \/>\n<meta property=\"og:image\" content=\"https:\/\/threeautomation.com\/es\/wp-content\/uploads\/2024\/01\/auditoria-seo.webp\" \/>\n\t<meta property=\"og:image:width\" content=\"504\" \/>\n\t<meta property=\"og:image:height\" content=\"504\" \/>\n\t<meta property=\"og:image:type\" content=\"image\/webp\" \/>\n<meta name=\"twitter:card\" content=\"summary_large_image\" \/>\n<meta name=\"twitter:label1\" content=\"Tiempo de lectura\" \/>\n\t<meta name=\"twitter:data1\" content=\"2 minutos\" \/>\n<script type=\"application\/ld+json\" class=\"yoast-schema-graph\">{\"@context\":\"https:\/\/schema.org\",\"@graph\":[{\"@type\":\"WebPage\",\"@id\":\"https:\/\/threeautomation.com\/es\/producto\/auditoria-seo\/\",\"url\":\"https:\/\/threeautomation.com\/es\/producto\/auditoria-seo\/\",\"name\":\"Auditor\u00eda SEO | \u25b7\u00a0Identifica lo Que No Puedes Ver | \u00a1Act\u00faa Ahora!\",\"isPartOf\":{\"@id\":\"https:\/\/threeautomation.com\/es\/#website\"},\"primaryImageOfPage\":{\"@id\":\"https:\/\/threeautomation.com\/es\/producto\/auditoria-seo\/#primaryimage\"},\"image\":{\"@id\":\"https:\/\/threeautomation.com\/es\/producto\/auditoria-seo\/#primaryimage\"},\"thumbnailUrl\":\"https:\/\/threeautomation.com\/es\/wp-content\/uploads\/2024\/01\/auditoria-seo.webp\",\"datePublished\":\"2024-01-18T23:12:45+00:00\",\"dateModified\":\"2024-09-25T22:26:38+00:00\",\"description\":\"Auditor\u00eda SEO | Con ThreeAutomation\u00ae | \ud83d\udc49 Transforma tu Estrategia Online | Descubre c\u00f3mo Posicionarte en el Primer Lugar de los Buscadores \u00a1Clic Aqu\u00ed!\",\"breadcrumb\":{\"@id\":\"https:\/\/threeautomation.com\/es\/producto\/auditoria-seo\/#breadcrumb\"},\"inLanguage\":\"es\",\"potentialAction\":[{\"@type\":\"ReadAction\",\"target\":[\"https:\/\/threeautomation.com\/es\/producto\/auditoria-seo\/\"]}]},{\"@type\":\"ImageObject\",\"inLanguage\":\"es\",\"@id\":\"https:\/\/threeautomation.com\/es\/producto\/auditoria-seo\/#primaryimage\",\"url\":\"https:\/\/threeautomation.com\/es\/wp-content\/uploads\/2024\/01\/auditoria-seo.webp\",\"contentUrl\":\"https:\/\/threeautomation.com\/es\/wp-content\/uploads\/2024\/01\/auditoria-seo.webp\",\"width\":504,\"height\":504,\"caption\":\"Auditoria Seo\"},{\"@type\":\"BreadcrumbList\",\"@id\":\"https:\/\/threeautomation.com\/es\/producto\/auditoria-seo\/#breadcrumb\",\"itemListElement\":[{\"@type\":\"ListItem\",\"position\":1,\"name\":\"Portada\",\"item\":\"https:\/\/threeautomation.com\/es\/\"},{\"@type\":\"ListItem\",\"position\":2,\"name\":\"Tienda\",\"item\":\"https:\/\/threeautomation.com\/es\/tienda\/\"},{\"@type\":\"ListItem\",\"position\":3,\"name\":\"Auditoria SEO\"}]},{\"@type\":\"WebSite\",\"@id\":\"https:\/\/threeautomation.com\/es\/#website\",\"url\":\"https:\/\/threeautomation.com\/es\/\",\"name\":\"Threeautomation ES\",\"description\":\"Threeautomation | Agencia de Transformaci\u00f3n Digital  | Soluciones que Venden\",\"publisher\":{\"@id\":\"https:\/\/threeautomation.com\/es\/#organization\"},\"potentialAction\":[{\"@type\":\"SearchAction\",\"target\":{\"@type\":\"EntryPoint\",\"urlTemplate\":\"https:\/\/threeautomation.com\/es\/?s={search_term_string}\"},\"query-input\":{\"@type\":\"PropertyValueSpecification\",\"valueRequired\":true,\"valueName\":\"search_term_string\"}}],\"inLanguage\":\"es\"},{\"@type\":\"Organization\",\"@id\":\"https:\/\/threeautomation.com\/es\/#organization\",\"name\":\"Threeautomation\",\"url\":\"https:\/\/threeautomation.com\/es\/\",\"logo\":{\"@type\":\"ImageObject\",\"inLanguage\":\"es\",\"@id\":\"https:\/\/threeautomation.com\/es\/#\/schema\/logo\/image\/\",\"url\":\"https:\/\/threeautomation.com\/es\/wp-content\/uploads\/2024\/02\/cropped-cropped-favicon-es.png\",\"contentUrl\":\"https:\/\/threeautomation.com\/es\/wp-content\/uploads\/2024\/02\/cropped-cropped-favicon-es.png\",\"width\":512,\"height\":485,\"caption\":\"Threeautomation\"},\"image\":{\"@id\":\"https:\/\/threeautomation.com\/es\/#\/schema\/logo\/image\/\"},\"sameAs\":[\"https:\/\/web.facebook.com\/Threeautomation\/\",\"https:\/\/www.instagram.com\/threeautomation\/\"]}]}<\/script>\n<!-- \/ Yoast SEO plugin. -->","yoast_head_json":{"title":"Auditor\u00eda SEO | \u25b7\u00a0Identifica lo Que No Puedes Ver | \u00a1Act\u00faa Ahora!","description":"Auditor\u00eda SEO | Con ThreeAutomation\u00ae | \ud83d\udc49 Transforma tu Estrategia Online | Descubre c\u00f3mo Posicionarte en el Primer Lugar de los Buscadores \u00a1Clic Aqu\u00ed!","robots":{"index":"index","follow":"follow","max-snippet":"max-snippet:-1","max-image-preview":"max-image-preview:large","max-video-preview":"max-video-preview:-1"},"canonical":"https:\/\/threeautomation.com\/es\/producto\/auditoria-seo\/","og_locale":"es_ES","og_type":"article","og_title":"Auditor\u00eda SEO | \u25b7\u00a0Identifica lo Que No Puedes Ver | \u00a1Act\u00faa Ahora!","og_description":"Auditor\u00eda SEO | Con ThreeAutomation\u00ae | \ud83d\udc49 Transforma tu Estrategia Online | Descubre c\u00f3mo Posicionarte en el Primer Lugar de los Buscadores \u00a1Clic Aqu\u00ed!","og_url":"https:\/\/threeautomation.com\/es\/producto\/auditoria-seo\/","og_site_name":"Threeautomation ES","article_publisher":"https:\/\/web.facebook.com\/Threeautomation\/","article_modified_time":"2024-09-25T22:26:38+00:00","og_image":[{"width":504,"height":504,"url":"https:\/\/threeautomation.com\/es\/wp-content\/uploads\/2024\/01\/auditoria-seo.webp","type":"image\/webp"}],"twitter_card":"summary_large_image","twitter_misc":{"Tiempo de lectura":"2 minutos"},"schema":{"@context":"https:\/\/schema.org","@graph":[{"@type":"WebPage","@id":"https:\/\/threeautomation.com\/es\/producto\/auditoria-seo\/","url":"https:\/\/threeautomation.com\/es\/producto\/auditoria-seo\/","name":"Auditor\u00eda SEO | \u25b7\u00a0Identifica lo Que No Puedes Ver | \u00a1Act\u00faa Ahora!","isPartOf":{"@id":"https:\/\/threeautomation.com\/es\/#website"},"primaryImageOfPage":{"@id":"https:\/\/threeautomation.com\/es\/producto\/auditoria-seo\/#primaryimage"},"image":{"@id":"https:\/\/threeautomation.com\/es\/producto\/auditoria-seo\/#primaryimage"},"thumbnailUrl":"https:\/\/threeautomation.com\/es\/wp-content\/uploads\/2024\/01\/auditoria-seo.webp","datePublished":"2024-01-18T23:12:45+00:00","dateModified":"2024-09-25T22:26:38+00:00","description":"Auditor\u00eda SEO | Con ThreeAutomation\u00ae | \ud83d\udc49 Transforma tu Estrategia Online | Descubre c\u00f3mo Posicionarte en el Primer Lugar de los Buscadores \u00a1Clic Aqu\u00ed!","breadcrumb":{"@id":"https:\/\/threeautomation.com\/es\/producto\/auditoria-seo\/#breadcrumb"},"inLanguage":"es","potentialAction":[{"@type":"ReadAction","target":["https:\/\/threeautomation.com\/es\/producto\/auditoria-seo\/"]}]},{"@type":"ImageObject","inLanguage":"es","@id":"https:\/\/threeautomation.com\/es\/producto\/auditoria-seo\/#primaryimage","url":"https:\/\/threeautomation.com\/es\/wp-content\/uploads\/2024\/01\/auditoria-seo.webp","contentUrl":"https:\/\/threeautomation.com\/es\/wp-content\/uploads\/2024\/01\/auditoria-seo.webp","width":504,"height":504,"caption":"Auditoria Seo"},{"@type":"BreadcrumbList","@id":"https:\/\/threeautomation.com\/es\/producto\/auditoria-seo\/#breadcrumb","itemListElement":[{"@type":"ListItem","position":1,"name":"Portada","item":"https:\/\/threeautomation.com\/es\/"},{"@type":"ListItem","position":2,"name":"Tienda","item":"https:\/\/threeautomation.com\/es\/tienda\/"},{"@type":"ListItem","position":3,"name":"Auditoria SEO"}]},{"@type":"WebSite","@id":"https:\/\/threeautomation.com\/es\/#website","url":"https:\/\/threeautomation.com\/es\/","name":"Threeautomation ES","description":"Threeautomation | Agencia de Transformaci\u00f3n Digital  | Soluciones que Venden","publisher":{"@id":"https:\/\/threeautomation.com\/es\/#organization"},"potentialAction":[{"@type":"SearchAction","target":{"@type":"EntryPoint","urlTemplate":"https:\/\/threeautomation.com\/es\/?s={search_term_string}"},"query-input":{"@type":"PropertyValueSpecification","valueRequired":true,"valueName":"search_term_string"}}],"inLanguage":"es"},{"@type":"Organization","@id":"https:\/\/threeautomation.com\/es\/#organization","name":"Threeautomation","url":"https:\/\/threeautomation.com\/es\/","logo":{"@type":"ImageObject","inLanguage":"es","@id":"https:\/\/threeautomation.com\/es\/#\/schema\/logo\/image\/","url":"https:\/\/threeautomation.com\/es\/wp-content\/uploads\/2024\/02\/cropped-cropped-favicon-es.png","contentUrl":"https:\/\/threeautomation.com\/es\/wp-content\/uploads\/2024\/02\/cropped-cropped-favicon-es.png","width":512,"height":485,"caption":"Threeautomation"},"image":{"@id":"https:\/\/threeautomation.com\/es\/#\/schema\/logo\/image\/"},"sameAs":["https:\/\/web.facebook.com\/Threeautomation\/","https:\/\/www.instagram.com\/threeautomation\/"]}]}},"_links":{"self":[{"href":"https:\/\/threeautomation.com\/es\/wp-json\/wp\/v2\/product\/1805","targetHints":{"allow":["GET"]}}],"collection":[{"href":"https:\/\/threeautomation.com\/es\/wp-json\/wp\/v2\/product"}],"about":[{"href":"https:\/\/threeautomation.com\/es\/wp-json\/wp\/v2\/types\/product"}],"replies":[{"embeddable":true,"href":"https:\/\/threeautomation.com\/es\/wp-json\/wp\/v2\/comments?post=1805"}],"version-history":[{"count":3,"href":"https:\/\/threeautomation.com\/es\/wp-json\/wp\/v2\/product\/1805\/revisions"}],"predecessor-version":[{"id":4373,"href":"https:\/\/threeautomation.com\/es\/wp-json\/wp\/v2\/product\/1805\/revisions\/4373"}],"wp:featuredmedia":[{"embeddable":true,"href":"https:\/\/threeautomation.com\/es\/wp-json\/wp\/v2\/media\/1969"}],"wp:attachment":[{"href":"https:\/\/threeautomation.com\/es\/wp-json\/wp\/v2\/media?parent=1805"}],"wp:term":[{"taxonomy":"product_brand","embeddable":true,"href":"https:\/\/threeautomation.com\/es\/wp-json\/wp\/v2\/product_brand?post=1805"},{"taxonomy":"product_cat","embeddable":true,"href":"https:\/\/threeautomation.com\/es\/wp-json\/wp\/v2\/product_cat?post=1805"},{"taxonomy":"product_tag","embeddable":true,"href":"https:\/\/threeautomation.com\/es\/wp-json\/wp\/v2\/product_tag?post=1805"}],"curies":[{"name":"wp","href":"https:\/\/api.w.org\/{rel}","templated":true}]}}