{"id":1793,"date":"2024-01-18T15:41:58","date_gmt":"2024-01-18T20:41:58","guid":{"rendered":"https:\/\/threeautomation.com\/es\/?post_type=product&#038;p=1793"},"modified":"2024-09-25T18:05:35","modified_gmt":"2024-09-25T23:05:35","slug":"diseno-de-paginas-web","status":"publish","type":"product","link":"https:\/\/threeautomation.com\/es\/producto\/diseno-de-paginas-web\/","title":{"rendered":"Dise\u00f1o de P\u00e1ginas Web"},"content":{"rendered":"\t\t<div data-elementor-type=\"wp-post\" data-elementor-id=\"1793\" class=\"elementor elementor-1793\" data-elementor-post-type=\"product\">\n\t\t\t\t<div class=\"elementor-element elementor-element-1958369e e-flex e-con-boxed e-con e-parent\" data-id=\"1958369e\" data-element_type=\"container\">\n\t\t\t\t\t<div class=\"e-con-inner\">\n\t\t\t\t<div class=\"elementor-element elementor-element-63ff944f elementor-widget elementor-widget-heading\" data-id=\"63ff944f\" data-element_type=\"widget\" data-widget_type=\"heading.default\">\n\t\t\t\t<div class=\"elementor-widget-container\">\n\t\t\t\t\t<h2 class=\"elementor-heading-title elementor-size-default\">Dise\u00f1o de P\u00e1ginas Web<\/h2>\t\t\t\t<\/div>\n\t\t\t\t<\/div>\n\t\t\t\t\t<\/div>\n\t\t\t\t<\/div>\n\t\t<div class=\"elementor-element elementor-element-7ae6bfca e-flex e-con-boxed e-con e-parent\" data-id=\"7ae6bfca\" data-element_type=\"container\">\n\t\t\t\t\t<div class=\"e-con-inner\">\n\t\t\t\t<div class=\"elementor-element elementor-element-11c36c4b elementor-widget elementor-widget-text-editor\" data-id=\"11c36c4b\" data-element_type=\"widget\" data-widget_type=\"text-editor.default\">\n\t\t\t\t<div class=\"elementor-widget-container\">\n\t\t\t\t\t\t\t\t\t<p><span style=\"font-weight: 400;\">Descubre la excelencia en el Dise\u00f1o de P\u00e1ginas Web con Threeautomation\u00ae, en donde cada pixel cuenta. Nuestro servicio de Dise\u00f1o de P\u00e1ginas Web, cumple con dos requerimientos esenciales, contempla lo est\u00e9tico y lo funcional, para as\u00ed garantizar que tu sitio web no solo se vea bien, sino que tambi\u00e9n funcione a la perfecci\u00f3n y Venda.<\/span><\/p><p style=\"text-align: center;\">\u00a0<\/p>\t\t\t\t\t\t\t\t<\/div>\n\t\t\t\t<\/div>\n\t\t\t\t\t<\/div>\n\t\t\t\t<\/div>\n\t\t<div class=\"elementor-element elementor-element-64540221 e-flex e-con-boxed e-con e-parent\" data-id=\"64540221\" data-element_type=\"container\">\n\t\t\t\t\t<div class=\"e-con-inner\">\n\t\t\t\t<div class=\"elementor-element elementor-element-151b038d elementor-align-center elementor-widget elementor-widget-button\" data-id=\"151b038d\" data-element_type=\"widget\" data-widget_type=\"button.default\">\n\t\t\t\t<div class=\"elementor-widget-container\">\n\t\t\t\t\t\t\t\t\t<div class=\"elementor-button-wrapper\">\n\t\t\t\t\t<a class=\"elementor-button elementor-button-link elementor-size-sm\" href=\"https:\/\/wa.me\/573107632052?text=%C2%A1Hola%20Diego!Requiero%20informaci%C3%B3n%20de:%20\" target=\"_blank\" rel=\"nofollow\">\n\t\t\t\t\t\t<span class=\"elementor-button-content-wrapper\">\n\t\t\t\t\t\t\t\t\t<span class=\"elementor-button-text\">\u00a1Contactar un Asesor Ahora!<\/span>\n\t\t\t\t\t<\/span>\n\t\t\t\t\t<\/a>\n\t\t\t\t<\/div>\n\t\t\t\t\t\t\t\t<\/div>\n\t\t\t\t<\/div>\n\t\t\t\t\t<\/div>\n\t\t\t\t<\/div>\n\t\t<div class=\"elementor-element elementor-element-13e17a5b e-flex e-con-boxed e-con e-parent\" data-id=\"13e17a5b\" data-element_type=\"container\">\n\t\t\t\t\t<div class=\"e-con-inner\">\n\t\t\t\t<div class=\"elementor-element elementor-element-13aedea3 elementor-widget elementor-widget-text-editor\" data-id=\"13aedea3\" data-element_type=\"widget\" data-widget_type=\"text-editor.default\">\n\t\t\t\t<div class=\"elementor-widget-container\">\n\t\t\t\t\t\t\t\t\t<p><span style=\"font-weight: 400;\">En Threeautomation\u00ae, comprendemos que un sitio web es el coraz\u00f3n digital de tu negocio. Por eso, nuestro enfoque se centra en crear dise\u00f1os que reflejen la identidad de tu marca y que hablen directamente a tu p\u00fablico objetivo. Desde la arquitectura de la informaci\u00f3n, hasta la experiencia del usuario. Cada aspecto se elabora meticulosamente, para garantizar que tu sitio web sobresalga y se haga notar en el mercado digital.\u00a0<\/span><\/p><p style=\"text-align: center;\">\u00a0<\/p>\t\t\t\t\t\t\t\t<\/div>\n\t\t\t\t<\/div>\n\t\t\t\t<div class=\"elementor-element elementor-element-f8d7861 elementor-widget elementor-widget-heading\" data-id=\"f8d7861\" data-element_type=\"widget\" data-widget_type=\"heading.default\">\n\t\t\t\t<div class=\"elementor-widget-container\">\n\t\t\t\t\t<h2 class=\"elementor-heading-title elementor-size-default\">Dise\u00f1os personalizados que capturan la esencia de tu marca<\/h2>\t\t\t\t<\/div>\n\t\t\t\t<\/div>\n\t\t\t\t\t<\/div>\n\t\t\t\t<\/div>\n\t\t<div class=\"elementor-element elementor-element-36b44cc e-flex e-con-boxed e-con e-parent\" data-id=\"36b44cc\" data-element_type=\"container\">\n\t\t\t\t\t<div class=\"e-con-inner\">\n\t\t\t\t<div class=\"elementor-element elementor-element-73478e01 elementor-widget elementor-widget-text-editor\" data-id=\"73478e01\" data-element_type=\"widget\" data-widget_type=\"text-editor.default\">\n\t\t\t\t<div class=\"elementor-widget-container\">\n\t\t\t\t\t\t\t\t\t<ul><li><span style=\"font-weight: 400;\">Sitios web responsivos (Compatibles con dispositivos m\u00f3viles) que garantizan una experiencia impecable en cualquier dispositivo.<\/span><\/li><li style=\"font-weight: 400;\" aria-level=\"1\"><span style=\"font-weight: 400;\">Optimizaci\u00f3n SEO para asegurar la m\u00e1xima visibilidad en los motores de b\u00fasqueda.<\/span><\/li><li style=\"font-weight: 400;\" aria-level=\"1\"><span style=\"font-weight: 400;\">Integraci\u00f3n con las principales plataformas de redes sociales para potenciar tu alcance.<\/span><\/li><li style=\"font-weight: 400;\" aria-level=\"1\"><span style=\"font-weight: 400;\">Soporte t\u00e9cnico dedicado para resolver cualquier inquietud en tu camino hacia el \u00e9xito digital.<\/span><\/li><\/ul><p><span style=\"font-weight: 400;\">No te conformes con lo ordinario. Elige Threeautomation\u00ae para un Dise\u00f1o Web que deje huella.\u00a0<\/span><\/p><p><strong>\u00a1Es hora de transformar tu presencia online y acelerar tu crecimiento!<\/strong><\/p><p>Te sugiero <a href=\"https:\/\/threeautomation.com\/es\/producto\/servicio-seo-estrategico\/\">Servicio SEO Estrat\u00e9gico<\/a><\/p>\t\t\t\t\t\t\t\t<\/div>\n\t\t\t\t<\/div>\n\t\t\t\t\t<\/div>\n\t\t\t\t<\/div>\n\t\t\t\t<\/div>\n\t\t","protected":false},"excerpt":{"rendered":"<p style=\"text-align: center;\">\u00a1Haz que tu sitio web venda m\u00e1s! \ud83d\ude80<\/p>\n<p style=\"text-align: center;\" data-sourcepos=\"5:1-5:233\"><span style=\"color: #31f935;\"><strong><a class=\"gb-button gb-button-3169703f gb-button-text\" style=\"color: #31f935;\" href=\"https:\/\/wa.me\/573107632052?text=%C2%A1Hola%20Diego!%0ARequiero%20informaci%C3%B3n%20de:%20\" target=\"_blank\" rel=\"nofollow noopener noreferrer\">\u00a1Clic Aqu\u00ed!<\/a><\/strong><\/span><\/p>\n","protected":false},"featured_media":1795,"comment_status":"open","ping_status":"closed","template":"elementor_theme","meta":{"editor_plus_copied_stylings":"{}"},"product_brand":[],"product_cat":[29],"product_tag":[28,41,39],"class_list":{"0":"post-1793","1":"product","2":"type-product","3":"status-publish","4":"has-post-thumbnail","6":"product_cat-web","7":"product_tag-desarrollo-web","8":"product_tag-marketing-digital-en-bucaramanga","9":"product_tag-marketing-digital-en-cali","10":"sales-flash-overlay","11":"woocommerce-text-align-center","12":"woocommerce-image-align-center","13":"do-quantity-buttons","15":"first","16":"outofstock","17":"shipping-taxable","18":"product-type-simple"},"yoast_head":"<!-- This site is optimized with the Yoast SEO plugin v26.1.1 - https:\/\/yoast.com\/wordpress\/plugins\/seo\/ -->\n<title>Dise\u00f1o de P\u00e1ginas Web | \u25b7 Impulsa Ventas | Act\u00faa Ahora !!<\/title>\n<meta name=\"description\" content=\"Dise\u00f1o de P\u00e1ginas Web \u26a1| Threeautomation\u00ae | Transforma tu Presencia On-line con Dise\u00f1os WEB \u00fanicos que capturan y convierten - Click Aqu\u00ed\" \/>\n<meta name=\"robots\" content=\"index, follow, max-snippet:-1, max-image-preview:large, max-video-preview:-1\" \/>\n<link rel=\"canonical\" href=\"https:\/\/threeautomation.com\/es\/producto\/diseno-de-paginas-web\/\" \/>\n<meta property=\"og:locale\" content=\"es_ES\" \/>\n<meta property=\"og:type\" content=\"article\" \/>\n<meta property=\"og:title\" content=\"Dise\u00f1o de P\u00e1ginas Web | \u25b7 Impulsa Ventas | Act\u00faa Ahora !!\" \/>\n<meta property=\"og:description\" content=\"Dise\u00f1o de P\u00e1ginas Web \u26a1| Threeautomation\u00ae | Transforma tu Presencia On-line con Dise\u00f1os WEB \u00fanicos que capturan y convierten - Click Aqu\u00ed\" \/>\n<meta property=\"og:url\" content=\"https:\/\/threeautomation.com\/es\/producto\/diseno-de-paginas-web\/\" \/>\n<meta property=\"og:site_name\" content=\"Threeautomation ES\" \/>\n<meta property=\"article:publisher\" content=\"https:\/\/web.facebook.com\/Threeautomation\/\" \/>\n<meta property=\"article:modified_time\" content=\"2024-09-25T23:05:35+00:00\" \/>\n<meta property=\"og:image\" content=\"https:\/\/threeautomation.com\/es\/wp-content\/uploads\/2024\/01\/diseno-de-paginas-web.webp\" \/>\n\t<meta property=\"og:image:width\" content=\"504\" \/>\n\t<meta property=\"og:image:height\" content=\"504\" \/>\n\t<meta property=\"og:image:type\" content=\"image\/webp\" \/>\n<meta name=\"twitter:card\" content=\"summary_large_image\" \/>\n<meta name=\"twitter:label1\" content=\"Tiempo de lectura\" \/>\n\t<meta name=\"twitter:data1\" content=\"2 minutos\" \/>\n<script type=\"application\/ld+json\" class=\"yoast-schema-graph\">{\"@context\":\"https:\/\/schema.org\",\"@graph\":[{\"@type\":\"WebPage\",\"@id\":\"https:\/\/threeautomation.com\/es\/producto\/diseno-de-paginas-web\/\",\"url\":\"https:\/\/threeautomation.com\/es\/producto\/diseno-de-paginas-web\/\",\"name\":\"Dise\u00f1o de P\u00e1ginas Web | \u25b7 Impulsa Ventas | Act\u00faa Ahora !!\",\"isPartOf\":{\"@id\":\"https:\/\/threeautomation.com\/es\/#website\"},\"primaryImageOfPage\":{\"@id\":\"https:\/\/threeautomation.com\/es\/producto\/diseno-de-paginas-web\/#primaryimage\"},\"image\":{\"@id\":\"https:\/\/threeautomation.com\/es\/producto\/diseno-de-paginas-web\/#primaryimage\"},\"thumbnailUrl\":\"https:\/\/threeautomation.com\/es\/wp-content\/uploads\/2024\/01\/diseno-de-paginas-web.webp\",\"datePublished\":\"2024-01-18T20:41:58+00:00\",\"dateModified\":\"2024-09-25T23:05:35+00:00\",\"description\":\"Dise\u00f1o de P\u00e1ginas Web \u26a1| Threeautomation\u00ae | Transforma tu Presencia On-line con Dise\u00f1os WEB \u00fanicos que capturan y convierten - Click Aqu\u00ed\",\"breadcrumb\":{\"@id\":\"https:\/\/threeautomation.com\/es\/producto\/diseno-de-paginas-web\/#breadcrumb\"},\"inLanguage\":\"es\",\"potentialAction\":[{\"@type\":\"ReadAction\",\"target\":[\"https:\/\/threeautomation.com\/es\/producto\/diseno-de-paginas-web\/\"]}]},{\"@type\":\"ImageObject\",\"inLanguage\":\"es\",\"@id\":\"https:\/\/threeautomation.com\/es\/producto\/diseno-de-paginas-web\/#primaryimage\",\"url\":\"https:\/\/threeautomation.com\/es\/wp-content\/uploads\/2024\/01\/diseno-de-paginas-web.webp\",\"contentUrl\":\"https:\/\/threeautomation.com\/es\/wp-content\/uploads\/2024\/01\/diseno-de-paginas-web.webp\",\"width\":504,\"height\":504,\"caption\":\"Dise\u00f1o De P\u00e1ginas Web\"},{\"@type\":\"BreadcrumbList\",\"@id\":\"https:\/\/threeautomation.com\/es\/producto\/diseno-de-paginas-web\/#breadcrumb\",\"itemListElement\":[{\"@type\":\"ListItem\",\"position\":1,\"name\":\"Portada\",\"item\":\"https:\/\/threeautomation.com\/es\/\"},{\"@type\":\"ListItem\",\"position\":2,\"name\":\"Tienda\",\"item\":\"https:\/\/threeautomation.com\/es\/tienda\/\"},{\"@type\":\"ListItem\",\"position\":3,\"name\":\"Dise\u00f1o de P\u00e1ginas Web\"}]},{\"@type\":\"WebSite\",\"@id\":\"https:\/\/threeautomation.com\/es\/#website\",\"url\":\"https:\/\/threeautomation.com\/es\/\",\"name\":\"Threeautomation ES\",\"description\":\"Threeautomation | Agencia de Transformaci\u00f3n Digital  | Soluciones que Venden\",\"publisher\":{\"@id\":\"https:\/\/threeautomation.com\/es\/#organization\"},\"potentialAction\":[{\"@type\":\"SearchAction\",\"target\":{\"@type\":\"EntryPoint\",\"urlTemplate\":\"https:\/\/threeautomation.com\/es\/?s={search_term_string}\"},\"query-input\":{\"@type\":\"PropertyValueSpecification\",\"valueRequired\":true,\"valueName\":\"search_term_string\"}}],\"inLanguage\":\"es\"},{\"@type\":\"Organization\",\"@id\":\"https:\/\/threeautomation.com\/es\/#organization\",\"name\":\"Threeautomation\",\"url\":\"https:\/\/threeautomation.com\/es\/\",\"logo\":{\"@type\":\"ImageObject\",\"inLanguage\":\"es\",\"@id\":\"https:\/\/threeautomation.com\/es\/#\/schema\/logo\/image\/\",\"url\":\"https:\/\/threeautomation.com\/es\/wp-content\/uploads\/2024\/02\/cropped-cropped-favicon-es.png\",\"contentUrl\":\"https:\/\/threeautomation.com\/es\/wp-content\/uploads\/2024\/02\/cropped-cropped-favicon-es.png\",\"width\":512,\"height\":485,\"caption\":\"Threeautomation\"},\"image\":{\"@id\":\"https:\/\/threeautomation.com\/es\/#\/schema\/logo\/image\/\"},\"sameAs\":[\"https:\/\/web.facebook.com\/Threeautomation\/\",\"https:\/\/www.instagram.com\/threeautomation\/\"]}]}<\/script>\n<!-- \/ Yoast SEO plugin. -->","yoast_head_json":{"title":"Dise\u00f1o de P\u00e1ginas Web | \u25b7 Impulsa Ventas | Act\u00faa Ahora !!","description":"Dise\u00f1o de P\u00e1ginas Web \u26a1| Threeautomation\u00ae | Transforma tu Presencia On-line con Dise\u00f1os WEB \u00fanicos que capturan y convierten - Click Aqu\u00ed","robots":{"index":"index","follow":"follow","max-snippet":"max-snippet:-1","max-image-preview":"max-image-preview:large","max-video-preview":"max-video-preview:-1"},"canonical":"https:\/\/threeautomation.com\/es\/producto\/diseno-de-paginas-web\/","og_locale":"es_ES","og_type":"article","og_title":"Dise\u00f1o de P\u00e1ginas Web | \u25b7 Impulsa Ventas | Act\u00faa Ahora !!","og_description":"Dise\u00f1o de P\u00e1ginas Web \u26a1| Threeautomation\u00ae | Transforma tu Presencia On-line con Dise\u00f1os WEB \u00fanicos que capturan y convierten - Click Aqu\u00ed","og_url":"https:\/\/threeautomation.com\/es\/producto\/diseno-de-paginas-web\/","og_site_name":"Threeautomation ES","article_publisher":"https:\/\/web.facebook.com\/Threeautomation\/","article_modified_time":"2024-09-25T23:05:35+00:00","og_image":[{"width":504,"height":504,"url":"https:\/\/threeautomation.com\/es\/wp-content\/uploads\/2024\/01\/diseno-de-paginas-web.webp","type":"image\/webp"}],"twitter_card":"summary_large_image","twitter_misc":{"Tiempo de lectura":"2 minutos"},"schema":{"@context":"https:\/\/schema.org","@graph":[{"@type":"WebPage","@id":"https:\/\/threeautomation.com\/es\/producto\/diseno-de-paginas-web\/","url":"https:\/\/threeautomation.com\/es\/producto\/diseno-de-paginas-web\/","name":"Dise\u00f1o de P\u00e1ginas Web | \u25b7 Impulsa Ventas | Act\u00faa Ahora !!","isPartOf":{"@id":"https:\/\/threeautomation.com\/es\/#website"},"primaryImageOfPage":{"@id":"https:\/\/threeautomation.com\/es\/producto\/diseno-de-paginas-web\/#primaryimage"},"image":{"@id":"https:\/\/threeautomation.com\/es\/producto\/diseno-de-paginas-web\/#primaryimage"},"thumbnailUrl":"https:\/\/threeautomation.com\/es\/wp-content\/uploads\/2024\/01\/diseno-de-paginas-web.webp","datePublished":"2024-01-18T20:41:58+00:00","dateModified":"2024-09-25T23:05:35+00:00","description":"Dise\u00f1o de P\u00e1ginas Web \u26a1| Threeautomation\u00ae | Transforma tu Presencia On-line con Dise\u00f1os WEB \u00fanicos que capturan y convierten - Click Aqu\u00ed","breadcrumb":{"@id":"https:\/\/threeautomation.com\/es\/producto\/diseno-de-paginas-web\/#breadcrumb"},"inLanguage":"es","potentialAction":[{"@type":"ReadAction","target":["https:\/\/threeautomation.com\/es\/producto\/diseno-de-paginas-web\/"]}]},{"@type":"ImageObject","inLanguage":"es","@id":"https:\/\/threeautomation.com\/es\/producto\/diseno-de-paginas-web\/#primaryimage","url":"https:\/\/threeautomation.com\/es\/wp-content\/uploads\/2024\/01\/diseno-de-paginas-web.webp","contentUrl":"https:\/\/threeautomation.com\/es\/wp-content\/uploads\/2024\/01\/diseno-de-paginas-web.webp","width":504,"height":504,"caption":"Dise\u00f1o De P\u00e1ginas Web"},{"@type":"BreadcrumbList","@id":"https:\/\/threeautomation.com\/es\/producto\/diseno-de-paginas-web\/#breadcrumb","itemListElement":[{"@type":"ListItem","position":1,"name":"Portada","item":"https:\/\/threeautomation.com\/es\/"},{"@type":"ListItem","position":2,"name":"Tienda","item":"https:\/\/threeautomation.com\/es\/tienda\/"},{"@type":"ListItem","position":3,"name":"Dise\u00f1o de P\u00e1ginas Web"}]},{"@type":"WebSite","@id":"https:\/\/threeautomation.com\/es\/#website","url":"https:\/\/threeautomation.com\/es\/","name":"Threeautomation ES","description":"Threeautomation | Agencia de Transformaci\u00f3n Digital  | Soluciones que Venden","publisher":{"@id":"https:\/\/threeautomation.com\/es\/#organization"},"potentialAction":[{"@type":"SearchAction","target":{"@type":"EntryPoint","urlTemplate":"https:\/\/threeautomation.com\/es\/?s={search_term_string}"},"query-input":{"@type":"PropertyValueSpecification","valueRequired":true,"valueName":"search_term_string"}}],"inLanguage":"es"},{"@type":"Organization","@id":"https:\/\/threeautomation.com\/es\/#organization","name":"Threeautomation","url":"https:\/\/threeautomation.com\/es\/","logo":{"@type":"ImageObject","inLanguage":"es","@id":"https:\/\/threeautomation.com\/es\/#\/schema\/logo\/image\/","url":"https:\/\/threeautomation.com\/es\/wp-content\/uploads\/2024\/02\/cropped-cropped-favicon-es.png","contentUrl":"https:\/\/threeautomation.com\/es\/wp-content\/uploads\/2024\/02\/cropped-cropped-favicon-es.png","width":512,"height":485,"caption":"Threeautomation"},"image":{"@id":"https:\/\/threeautomation.com\/es\/#\/schema\/logo\/image\/"},"sameAs":["https:\/\/web.facebook.com\/Threeautomation\/","https:\/\/www.instagram.com\/threeautomation\/"]}]}},"_links":{"self":[{"href":"https:\/\/threeautomation.com\/es\/wp-json\/wp\/v2\/product\/1793","targetHints":{"allow":["GET"]}}],"collection":[{"href":"https:\/\/threeautomation.com\/es\/wp-json\/wp\/v2\/product"}],"about":[{"href":"https:\/\/threeautomation.com\/es\/wp-json\/wp\/v2\/types\/product"}],"replies":[{"embeddable":true,"href":"https:\/\/threeautomation.com\/es\/wp-json\/wp\/v2\/comments?post=1793"}],"version-history":[{"count":3,"href":"https:\/\/threeautomation.com\/es\/wp-json\/wp\/v2\/product\/1793\/revisions"}],"predecessor-version":[{"id":4385,"href":"https:\/\/threeautomation.com\/es\/wp-json\/wp\/v2\/product\/1793\/revisions\/4385"}],"wp:featuredmedia":[{"embeddable":true,"href":"https:\/\/threeautomation.com\/es\/wp-json\/wp\/v2\/media\/1795"}],"wp:attachment":[{"href":"https:\/\/threeautomation.com\/es\/wp-json\/wp\/v2\/media?parent=1793"}],"wp:term":[{"taxonomy":"product_brand","embeddable":true,"href":"https:\/\/threeautomation.com\/es\/wp-json\/wp\/v2\/product_brand?post=1793"},{"taxonomy":"product_cat","embeddable":true,"href":"https:\/\/threeautomation.com\/es\/wp-json\/wp\/v2\/product_cat?post=1793"},{"taxonomy":"product_tag","embeddable":true,"href":"https:\/\/threeautomation.com\/es\/wp-json\/wp\/v2\/product_tag?post=1793"}],"curies":[{"name":"wp","href":"https:\/\/api.w.org\/{rel}","templated":true}]}}