{"id":1780,"date":"2024-01-18T10:50:40","date_gmt":"2024-01-18T15:50:40","guid":{"rendered":"https:\/\/threeautomation.com\/es\/?post_type=product&#038;p=1780"},"modified":"2025-09-04T17:50:50","modified_gmt":"2025-09-04T22:50:50","slug":"inbound-marketing","status":"publish","type":"product","link":"https:\/\/threeautomation.com\/es\/producto\/inbound-marketing\/","title":{"rendered":"Inbound Marketing"},"content":{"rendered":"\t\t<div data-elementor-type=\"wp-post\" data-elementor-id=\"1780\" class=\"elementor elementor-1780\" data-elementor-post-type=\"product\">\n\t\t\t\t<div class=\"elementor-element elementor-element-f249c6e e-flex e-con-boxed e-con e-parent\" data-id=\"f249c6e\" data-element_type=\"container\">\n\t\t\t\t\t<div class=\"e-con-inner\">\n\t\t<div class=\"elementor-element elementor-element-6352ad5 e-con-full e-flex e-con e-child\" data-id=\"6352ad5\" data-element_type=\"container\">\n\t\t\t\t<div class=\"elementor-element elementor-element-6f04d52 elementor-widget__width-initial elementor-widget elementor-widget-image\" data-id=\"6f04d52\" data-element_type=\"widget\" data-widget_type=\"image.default\">\n\t\t\t\t<div class=\"elementor-widget-container\">\n\t\t\t\t\t\t\t\t\t\t\t\t\t\t\t<img decoding=\"async\" src=\"https:\/\/threeautomation.com\/es\/wp-content\/uploads\/2024\/01\/Digital-Marketing.webp\" title=\"\" alt=\"digital marketing\" loading=\"lazy\" \/>\t\t\t\t\t\t\t\t\t\t\t\t\t\t\t<\/div>\n\t\t\t\t<\/div>\n\t\t\t\t<\/div>\n\t\t<div class=\"elementor-element elementor-element-1136e50 e-con-full e-flex e-con e-child\" data-id=\"1136e50\" data-element_type=\"container\">\n\t\t\t\t<div class=\"elementor-element elementor-element-1521d4e6 elementor-widget elementor-widget-heading\" data-id=\"1521d4e6\" data-element_type=\"widget\" data-widget_type=\"heading.default\">\n\t\t\t\t<div class=\"elementor-widget-container\">\n\t\t\t\t\t<h2 class=\"elementor-heading-title elementor-size-default\"> Inbound Marketing<\/h2>\t\t\t\t<\/div>\n\t\t\t\t<\/div>\n\t\t\t\t<div class=\"elementor-element elementor-element-86eeea0 elementor-widget elementor-widget-text-editor\" data-id=\"86eeea0\" data-element_type=\"widget\" data-widget_type=\"text-editor.default\">\n\t\t\t\t<div class=\"elementor-widget-container\">\n\t\t\t\t\t\t\t\t\t<p>\u00a0<\/p><p><span style=\"font-weight: 400;\">Con la estrategia de Inbound Marketing que implementa Threeautomation\u00ae, estar\u00e1s equipado con las herramientas y conocimientos necesarios, para ser m\u00e1s rentable y tomar la delantera en tu mercado.<\/span><\/p><p><span style=\"font-weight: 400;\">\u00a1Transforma tu enfoque de marketing y comienza a ver resultados reales!<\/span><\/p>\t\t\t\t\t\t\t\t<\/div>\n\t\t\t\t<\/div>\n\t\t\t\t<\/div>\n\t\t\t\t\t<\/div>\n\t\t\t\t<\/div>\n\t\t<div class=\"elementor-element elementor-element-5a6557d e-flex e-con-boxed e-con e-parent\" data-id=\"5a6557d\" data-element_type=\"container\">\n\t\t\t\t\t<div class=\"e-con-inner\">\n\t\t<div class=\"elementor-element elementor-element-fdac538 e-con-full e-flex e-con e-child\" data-id=\"fdac538\" data-element_type=\"container\">\n\t\t\t\t<div class=\"elementor-element elementor-element-7493b992 elementor-widget elementor-widget-text-editor\" data-id=\"7493b992\" data-element_type=\"widget\" data-widget_type=\"text-editor.default\">\n\t\t\t\t<div class=\"elementor-widget-container\">\n\t\t\t\t\t\t\t\t\t<p><span style=\"font-weight: 400;\">Con la Estrategia de Inbound Marketing que vamos a implementar en tu negocio, lograremos:<\/span><\/p>\t\t\t\t\t\t\t\t<\/div>\n\t\t\t\t<\/div>\n\t\t\t\t<div class=\"elementor-element elementor-element-acdcfc0 elementor-widget elementor-widget-text-editor\" data-id=\"acdcfc0\" data-element_type=\"widget\" data-widget_type=\"text-editor.default\">\n\t\t\t\t<div class=\"elementor-widget-container\">\n\t\t\t\t\t\t\t\t\t<ul><li style=\"font-weight: 400;\" aria-level=\"1\"><span style=\"font-weight: 400;\">Atraer la mayor cantidad de tu p\u00fablico objetivo, a tu sitio web.<\/span><\/li><li style=\"font-weight: 400;\" aria-level=\"1\"><span style=\"font-weight: 400;\">Generar leads de alta calidad, mediante contenido relevante y personalizado.<\/span><\/li><li style=\"font-weight: 400;\" aria-level=\"1\"><span style=\"font-weight: 400;\">Convertir visitantes en clientes, mediante t\u00e1cticas de marketing automatizadas y personalizadas.<\/span><\/li><li style=\"font-weight: 400;\" aria-level=\"1\"><span style=\"font-weight: 400;\">Fidelizar a tus clientes y convertirlos en embajadores de tu marca.<\/span><\/li><li aria-level=\"1\"><span style=\"font-weight: 400;\">Este m\u00e9todo no intrusivo y centrado en generarle valor al\u00a0 cliente, te permite construir relaciones s\u00f3lidas y duraderas, mejorando la percepci\u00f3n de tu marca, al igual que tus\u00a0 resultados finales.<\/span><\/li><\/ul>\t\t\t\t\t\t\t\t<\/div>\n\t\t\t\t<\/div>\n\t\t\t\t<\/div>\n\t\t<div class=\"elementor-element elementor-element-e120008 e-con-full e-flex e-con e-child\" data-id=\"e120008\" data-element_type=\"container\">\n\t\t\t\t<div class=\"elementor-element elementor-element-33ff5b3b elementor-widget elementor-widget-text-editor\" data-id=\"33ff5b3b\" data-element_type=\"widget\" data-widget_type=\"text-editor.default\">\n\t\t\t\t<div class=\"elementor-widget-container\">\n\t\t\t\t\t\t\t\t\t<p><span style=\"font-weight: 400;\">Descubre el poder del <strong>Inbound Marketing<\/strong> con Threeautomation\u00ae, la soluci\u00f3n definitiva para atraer, involucrar y deleitar a tus clientes de manera eficaz y eficiente. Nos enfocamos en crear una estrategia de marketing que atraiga la mayor cantidad de tr\u00e1fico posible y los convierta en clientes leales y promotores de tu marca.<\/span><\/p>\t\t\t\t\t\t\t\t<\/div>\n\t\t\t\t<\/div>\n\t\t\t\t<\/div>\n\t\t\t\t\t<\/div>\n\t\t\t\t<\/div>\n\t\t<div class=\"elementor-element elementor-element-6bc5735 e-flex e-con-boxed e-con e-parent\" data-id=\"6bc5735\" data-element_type=\"container\">\n\t\t\t\t\t<div class=\"e-con-inner\">\n\t\t<div class=\"elementor-element elementor-element-f1b9850 e-con-full e-flex e-con e-child\" data-id=\"f1b9850\" data-element_type=\"container\">\n\t\t\t\t<div class=\"elementor-element elementor-element-025c65e elementor-widget elementor-widget-text-editor\" data-id=\"025c65e\" data-element_type=\"widget\" data-widget_type=\"text-editor.default\">\n\t\t\t\t<div class=\"elementor-widget-container\">\n\t\t\t\t\t\t\t\t\t<h4>\u00a1Contacta un Asesor en Marketing ahora!<\/h4><p>Te Sugiero <a href=\"https:\/\/threeautomation.com\/es\/producto\/diseno-de-paginas-web\/\" target=\"_blank\" rel=\"noopener\">Dise\u00f1o De P\u00e1gina Web<\/a><\/p>\t\t\t\t\t\t\t\t<\/div>\n\t\t\t\t<\/div>\n\t\t\t\t<div class=\"elementor-element elementor-element-5b11e4d7 elementor-align-center elementor-widget elementor-widget-button\" data-id=\"5b11e4d7\" data-element_type=\"widget\" data-widget_type=\"button.default\">\n\t\t\t\t<div class=\"elementor-widget-container\">\n\t\t\t\t\t\t\t\t\t<div class=\"elementor-button-wrapper\">\n\t\t\t\t\t<a class=\"elementor-button elementor-button-link elementor-size-sm\" href=\"https:\/\/wa.me\/573107632052?text=%C2%A1Hola%20Diego!Requiero%20informaci%C3%B3n%20de:%20\" target=\"_blank\" rel=\"nofollow\">\n\t\t\t\t\t\t<span class=\"elementor-button-content-wrapper\">\n\t\t\t\t\t\t\t\t\t<span class=\"elementor-button-text\">\u00a1Contactar un Asesor Ahora!<\/span>\n\t\t\t\t\t<\/span>\n\t\t\t\t\t<\/a>\n\t\t\t\t<\/div>\n\t\t\t\t\t\t\t\t<\/div>\n\t\t\t\t<\/div>\n\t\t\t\t<\/div>\n\t\t<div class=\"elementor-element elementor-element-f1fee8d e-con-full e-flex e-con e-child\" data-id=\"f1fee8d\" data-element_type=\"container\">\n\t\t\t\t<div class=\"elementor-element elementor-element-ae7d116 elementor-widget elementor-widget-image\" data-id=\"ae7d116\" data-element_type=\"widget\" data-widget_type=\"image.default\">\n\t\t\t\t<div class=\"elementor-widget-container\">\n\t\t\t\t\t\t\t\t\t\t\t\t\t\t\t<img fetchpriority=\"high\" decoding=\"async\" width=\"504\" height=\"504\" src=\"https:\/\/threeautomation.com\/es\/wp-content\/uploads\/2024\/01\/gestion-campanas-google-ads-22.webp\" class=\"attachment-large size-large wp-image-4878\" alt=\"Infograf\u00eda como la palabra vende con el s\u00edmbolo m\u00e1s\" srcset=\"https:\/\/threeautomation.com\/es\/wp-content\/uploads\/2024\/01\/gestion-campanas-google-ads-22.webp 504w, https:\/\/threeautomation.com\/es\/wp-content\/uploads\/2024\/01\/gestion-campanas-google-ads-22-300x300.webp 300w, https:\/\/threeautomation.com\/es\/wp-content\/uploads\/2024\/01\/gestion-campanas-google-ads-22-150x150.webp 150w, https:\/\/threeautomation.com\/es\/wp-content\/uploads\/2024\/01\/gestion-campanas-google-ads-22-100x100.webp 100w, https:\/\/threeautomation.com\/es\/wp-content\/uploads\/2024\/01\/gestion-campanas-google-ads-22-200x200.webp 200w, https:\/\/threeautomation.com\/es\/wp-content\/uploads\/2024\/01\/gestion-campanas-google-ads-22-400x400.webp 400w, https:\/\/threeautomation.com\/es\/wp-content\/uploads\/2024\/01\/gestion-campanas-google-ads-22-500x500.webp 500w\" sizes=\"(max-width: 504px) 100vw, 504px\" \/>\t\t\t\t\t\t\t\t\t\t\t\t\t\t\t<\/div>\n\t\t\t\t<\/div>\n\t\t\t\t<\/div>\n\t\t\t\t\t<\/div>\n\t\t\t\t<\/div>\n\t\t\t\t<\/div>\n\t\t","protected":false},"excerpt":{"rendered":"<p style=\"text-align: center;\"><span style=\"color: #31f935;\"><strong><a class=\"gb-button gb-button-3169703f gb-button-text\" style=\"color: #31f935;\" href=\"https:\/\/wa.me\/573107632052?text=%C2%A1Hola%20Diego!%0ARequiero%20informaci%C3%B3n%20de:%20\" target=\"_blank\" rel=\"nofollow noopener noreferrer\">Clic Aqu\u00ed<\/a><\/strong><\/span><\/p>\n","protected":false},"featured_media":1796,"comment_status":"open","ping_status":"closed","template":"elementor_header_footer","meta":{"editor_plus_copied_stylings":"{}"},"product_brand":[],"product_cat":[32],"product_tag":[],"class_list":{"0":"post-1780","1":"product","2":"type-product","3":"status-publish","4":"has-post-thumbnail","6":"product_cat-seo","7":"sales-flash-overlay","8":"woocommerce-text-align-center","9":"woocommerce-image-align-center","10":"do-quantity-buttons","12":"first","13":"outofstock","14":"shipping-taxable","15":"product-type-simple"},"yoast_head":"<!-- This site is optimized with the Yoast SEO plugin v26.1.1 - https:\/\/yoast.com\/wordpress\/plugins\/seo\/ -->\n<title>Inbound Marketing Ganador |\u25b7 Crece Ya | Act\u00faa Ahora - Click Aqu\u00ed<\/title>\n<meta name=\"description\" content=\"\u27a1\ufe0f Domina el Inbound Marketing con ThreeAutomation\u00ae | Impulsa tu Negocio con Estrategias que Convierten | \u00a1Descubre c\u00f3mo! - Click Aqu\u00ed !!\" \/>\n<meta name=\"robots\" content=\"index, follow, max-snippet:-1, max-image-preview:large, max-video-preview:-1\" \/>\n<link rel=\"canonical\" href=\"https:\/\/threeautomation.com\/es\/producto\/inbound-marketing\/\" \/>\n<meta property=\"og:locale\" content=\"es_ES\" \/>\n<meta property=\"og:type\" content=\"article\" \/>\n<meta property=\"og:title\" content=\"Inbound Marketing Ganador |\u25b7 Crece Ya | Act\u00faa Ahora - Click Aqu\u00ed\" \/>\n<meta property=\"og:description\" content=\"\u27a1\ufe0f Domina el Inbound Marketing con ThreeAutomation\u00ae | Impulsa tu Negocio con Estrategias que Convierten | \u00a1Descubre c\u00f3mo! - Click Aqu\u00ed !!\" \/>\n<meta property=\"og:url\" content=\"https:\/\/threeautomation.com\/es\/producto\/inbound-marketing\/\" \/>\n<meta property=\"og:site_name\" content=\"Threeautomation ES\" \/>\n<meta property=\"article:publisher\" content=\"https:\/\/web.facebook.com\/Threeautomation\/\" \/>\n<meta property=\"article:modified_time\" content=\"2025-09-04T22:50:50+00:00\" \/>\n<meta property=\"og:image\" content=\"https:\/\/threeautomation.com\/es\/wp-content\/uploads\/2024\/01\/Inbound-marketing.webp\" \/>\n\t<meta property=\"og:image:width\" content=\"504\" \/>\n\t<meta property=\"og:image:height\" content=\"504\" \/>\n\t<meta property=\"og:image:type\" content=\"image\/webp\" \/>\n<meta name=\"twitter:card\" content=\"summary_large_image\" \/>\n<meta name=\"twitter:label1\" content=\"Tiempo de lectura\" \/>\n\t<meta name=\"twitter:data1\" content=\"1 minuto\" \/>\n<script type=\"application\/ld+json\" class=\"yoast-schema-graph\">{\"@context\":\"https:\/\/schema.org\",\"@graph\":[{\"@type\":\"WebPage\",\"@id\":\"https:\/\/threeautomation.com\/es\/producto\/inbound-marketing\/\",\"url\":\"https:\/\/threeautomation.com\/es\/producto\/inbound-marketing\/\",\"name\":\"Inbound Marketing Ganador |\u25b7 Crece Ya | Act\u00faa Ahora - Click Aqu\u00ed\",\"isPartOf\":{\"@id\":\"https:\/\/threeautomation.com\/es\/#website\"},\"primaryImageOfPage\":{\"@id\":\"https:\/\/threeautomation.com\/es\/producto\/inbound-marketing\/#primaryimage\"},\"image\":{\"@id\":\"https:\/\/threeautomation.com\/es\/producto\/inbound-marketing\/#primaryimage\"},\"thumbnailUrl\":\"https:\/\/threeautomation.com\/es\/wp-content\/uploads\/2024\/01\/Inbound-marketing.webp\",\"datePublished\":\"2024-01-18T15:50:40+00:00\",\"dateModified\":\"2025-09-04T22:50:50+00:00\",\"description\":\"\u27a1\ufe0f Domina el Inbound Marketing con ThreeAutomation\u00ae | Impulsa tu Negocio con Estrategias que Convierten | \u00a1Descubre c\u00f3mo! - Click Aqu\u00ed !!\",\"breadcrumb\":{\"@id\":\"https:\/\/threeautomation.com\/es\/producto\/inbound-marketing\/#breadcrumb\"},\"inLanguage\":\"es\",\"potentialAction\":[{\"@type\":\"ReadAction\",\"target\":[\"https:\/\/threeautomation.com\/es\/producto\/inbound-marketing\/\"]}]},{\"@type\":\"ImageObject\",\"inLanguage\":\"es\",\"@id\":\"https:\/\/threeautomation.com\/es\/producto\/inbound-marketing\/#primaryimage\",\"url\":\"https:\/\/threeautomation.com\/es\/wp-content\/uploads\/2024\/01\/Inbound-marketing.webp\",\"contentUrl\":\"https:\/\/threeautomation.com\/es\/wp-content\/uploads\/2024\/01\/Inbound-marketing.webp\",\"width\":504,\"height\":504,\"caption\":\"Inbound Marketing\"},{\"@type\":\"BreadcrumbList\",\"@id\":\"https:\/\/threeautomation.com\/es\/producto\/inbound-marketing\/#breadcrumb\",\"itemListElement\":[{\"@type\":\"ListItem\",\"position\":1,\"name\":\"Portada\",\"item\":\"https:\/\/threeautomation.com\/es\/\"},{\"@type\":\"ListItem\",\"position\":2,\"name\":\"Tienda\",\"item\":\"https:\/\/threeautomation.com\/es\/tienda\/\"},{\"@type\":\"ListItem\",\"position\":3,\"name\":\"Inbound Marketing\"}]},{\"@type\":\"WebSite\",\"@id\":\"https:\/\/threeautomation.com\/es\/#website\",\"url\":\"https:\/\/threeautomation.com\/es\/\",\"name\":\"Threeautomation ES\",\"description\":\"Threeautomation | Agencia de Transformaci\u00f3n Digital  | Soluciones que Venden\",\"publisher\":{\"@id\":\"https:\/\/threeautomation.com\/es\/#organization\"},\"potentialAction\":[{\"@type\":\"SearchAction\",\"target\":{\"@type\":\"EntryPoint\",\"urlTemplate\":\"https:\/\/threeautomation.com\/es\/?s={search_term_string}\"},\"query-input\":{\"@type\":\"PropertyValueSpecification\",\"valueRequired\":true,\"valueName\":\"search_term_string\"}}],\"inLanguage\":\"es\"},{\"@type\":\"Organization\",\"@id\":\"https:\/\/threeautomation.com\/es\/#organization\",\"name\":\"Threeautomation\",\"url\":\"https:\/\/threeautomation.com\/es\/\",\"logo\":{\"@type\":\"ImageObject\",\"inLanguage\":\"es\",\"@id\":\"https:\/\/threeautomation.com\/es\/#\/schema\/logo\/image\/\",\"url\":\"https:\/\/threeautomation.com\/es\/wp-content\/uploads\/2024\/02\/cropped-cropped-favicon-es.png\",\"contentUrl\":\"https:\/\/threeautomation.com\/es\/wp-content\/uploads\/2024\/02\/cropped-cropped-favicon-es.png\",\"width\":512,\"height\":485,\"caption\":\"Threeautomation\"},\"image\":{\"@id\":\"https:\/\/threeautomation.com\/es\/#\/schema\/logo\/image\/\"},\"sameAs\":[\"https:\/\/web.facebook.com\/Threeautomation\/\",\"https:\/\/www.instagram.com\/threeautomation\/\"]}]}<\/script>\n<!-- \/ Yoast SEO plugin. -->","yoast_head_json":{"title":"Inbound Marketing Ganador |\u25b7 Crece Ya | Act\u00faa Ahora - Click Aqu\u00ed","description":"\u27a1\ufe0f Domina el Inbound Marketing con ThreeAutomation\u00ae | Impulsa tu Negocio con Estrategias que Convierten | \u00a1Descubre c\u00f3mo! - Click Aqu\u00ed !!","robots":{"index":"index","follow":"follow","max-snippet":"max-snippet:-1","max-image-preview":"max-image-preview:large","max-video-preview":"max-video-preview:-1"},"canonical":"https:\/\/threeautomation.com\/es\/producto\/inbound-marketing\/","og_locale":"es_ES","og_type":"article","og_title":"Inbound Marketing Ganador |\u25b7 Crece Ya | Act\u00faa Ahora - Click Aqu\u00ed","og_description":"\u27a1\ufe0f Domina el Inbound Marketing con ThreeAutomation\u00ae | Impulsa tu Negocio con Estrategias que Convierten | \u00a1Descubre c\u00f3mo! - Click Aqu\u00ed !!","og_url":"https:\/\/threeautomation.com\/es\/producto\/inbound-marketing\/","og_site_name":"Threeautomation ES","article_publisher":"https:\/\/web.facebook.com\/Threeautomation\/","article_modified_time":"2025-09-04T22:50:50+00:00","og_image":[{"width":504,"height":504,"url":"https:\/\/threeautomation.com\/es\/wp-content\/uploads\/2024\/01\/Inbound-marketing.webp","type":"image\/webp"}],"twitter_card":"summary_large_image","twitter_misc":{"Tiempo de lectura":"1 minuto"},"schema":{"@context":"https:\/\/schema.org","@graph":[{"@type":"WebPage","@id":"https:\/\/threeautomation.com\/es\/producto\/inbound-marketing\/","url":"https:\/\/threeautomation.com\/es\/producto\/inbound-marketing\/","name":"Inbound Marketing Ganador |\u25b7 Crece Ya | Act\u00faa Ahora - Click Aqu\u00ed","isPartOf":{"@id":"https:\/\/threeautomation.com\/es\/#website"},"primaryImageOfPage":{"@id":"https:\/\/threeautomation.com\/es\/producto\/inbound-marketing\/#primaryimage"},"image":{"@id":"https:\/\/threeautomation.com\/es\/producto\/inbound-marketing\/#primaryimage"},"thumbnailUrl":"https:\/\/threeautomation.com\/es\/wp-content\/uploads\/2024\/01\/Inbound-marketing.webp","datePublished":"2024-01-18T15:50:40+00:00","dateModified":"2025-09-04T22:50:50+00:00","description":"\u27a1\ufe0f Domina el Inbound Marketing con ThreeAutomation\u00ae | Impulsa tu Negocio con Estrategias que Convierten | \u00a1Descubre c\u00f3mo! - Click Aqu\u00ed !!","breadcrumb":{"@id":"https:\/\/threeautomation.com\/es\/producto\/inbound-marketing\/#breadcrumb"},"inLanguage":"es","potentialAction":[{"@type":"ReadAction","target":["https:\/\/threeautomation.com\/es\/producto\/inbound-marketing\/"]}]},{"@type":"ImageObject","inLanguage":"es","@id":"https:\/\/threeautomation.com\/es\/producto\/inbound-marketing\/#primaryimage","url":"https:\/\/threeautomation.com\/es\/wp-content\/uploads\/2024\/01\/Inbound-marketing.webp","contentUrl":"https:\/\/threeautomation.com\/es\/wp-content\/uploads\/2024\/01\/Inbound-marketing.webp","width":504,"height":504,"caption":"Inbound Marketing"},{"@type":"BreadcrumbList","@id":"https:\/\/threeautomation.com\/es\/producto\/inbound-marketing\/#breadcrumb","itemListElement":[{"@type":"ListItem","position":1,"name":"Portada","item":"https:\/\/threeautomation.com\/es\/"},{"@type":"ListItem","position":2,"name":"Tienda","item":"https:\/\/threeautomation.com\/es\/tienda\/"},{"@type":"ListItem","position":3,"name":"Inbound Marketing"}]},{"@type":"WebSite","@id":"https:\/\/threeautomation.com\/es\/#website","url":"https:\/\/threeautomation.com\/es\/","name":"Threeautomation ES","description":"Threeautomation | Agencia de Transformaci\u00f3n Digital  | Soluciones que Venden","publisher":{"@id":"https:\/\/threeautomation.com\/es\/#organization"},"potentialAction":[{"@type":"SearchAction","target":{"@type":"EntryPoint","urlTemplate":"https:\/\/threeautomation.com\/es\/?s={search_term_string}"},"query-input":{"@type":"PropertyValueSpecification","valueRequired":true,"valueName":"search_term_string"}}],"inLanguage":"es"},{"@type":"Organization","@id":"https:\/\/threeautomation.com\/es\/#organization","name":"Threeautomation","url":"https:\/\/threeautomation.com\/es\/","logo":{"@type":"ImageObject","inLanguage":"es","@id":"https:\/\/threeautomation.com\/es\/#\/schema\/logo\/image\/","url":"https:\/\/threeautomation.com\/es\/wp-content\/uploads\/2024\/02\/cropped-cropped-favicon-es.png","contentUrl":"https:\/\/threeautomation.com\/es\/wp-content\/uploads\/2024\/02\/cropped-cropped-favicon-es.png","width":512,"height":485,"caption":"Threeautomation"},"image":{"@id":"https:\/\/threeautomation.com\/es\/#\/schema\/logo\/image\/"},"sameAs":["https:\/\/web.facebook.com\/Threeautomation\/","https:\/\/www.instagram.com\/threeautomation\/"]}]}},"_links":{"self":[{"href":"https:\/\/threeautomation.com\/es\/wp-json\/wp\/v2\/product\/1780","targetHints":{"allow":["GET"]}}],"collection":[{"href":"https:\/\/threeautomation.com\/es\/wp-json\/wp\/v2\/product"}],"about":[{"href":"https:\/\/threeautomation.com\/es\/wp-json\/wp\/v2\/types\/product"}],"replies":[{"embeddable":true,"href":"https:\/\/threeautomation.com\/es\/wp-json\/wp\/v2\/comments?post=1780"}],"version-history":[{"count":6,"href":"https:\/\/threeautomation.com\/es\/wp-json\/wp\/v2\/product\/1780\/revisions"}],"predecessor-version":[{"id":4881,"href":"https:\/\/threeautomation.com\/es\/wp-json\/wp\/v2\/product\/1780\/revisions\/4881"}],"wp:featuredmedia":[{"embeddable":true,"href":"https:\/\/threeautomation.com\/es\/wp-json\/wp\/v2\/media\/1796"}],"wp:attachment":[{"href":"https:\/\/threeautomation.com\/es\/wp-json\/wp\/v2\/media?parent=1780"}],"wp:term":[{"taxonomy":"product_brand","embeddable":true,"href":"https:\/\/threeautomation.com\/es\/wp-json\/wp\/v2\/product_brand?post=1780"},{"taxonomy":"product_cat","embeddable":true,"href":"https:\/\/threeautomation.com\/es\/wp-json\/wp\/v2\/product_cat?post=1780"},{"taxonomy":"product_tag","embeddable":true,"href":"https:\/\/threeautomation.com\/es\/wp-json\/wp\/v2\/product_tag?post=1780"}],"curies":[{"name":"wp","href":"https:\/\/api.w.org\/{rel}","templated":true}]}}