{"id":1762,"date":"2024-01-18T09:10:08","date_gmt":"2024-01-18T14:10:08","guid":{"rendered":"https:\/\/threeautomation.com\/es\/?post_type=product&#038;p=1762"},"modified":"2024-09-25T08:22:37","modified_gmt":"2024-09-25T13:22:37","slug":"servicio-seo-estrategico","status":"publish","type":"product","link":"https:\/\/threeautomation.com\/es\/producto\/servicio-seo-estrategico\/","title":{"rendered":"Servicio SEO Estrat\u00e9gico"},"content":{"rendered":"\t\t<div data-elementor-type=\"wp-post\" data-elementor-id=\"1762\" class=\"elementor elementor-1762\" data-elementor-post-type=\"product\">\n\t\t\t\t<div class=\"elementor-element elementor-element-340df62 e-flex e-con-boxed e-con e-parent\" data-id=\"340df62\" data-element_type=\"container\">\n\t\t\t\t\t<div class=\"e-con-inner\">\n\t\t\t\t<div class=\"elementor-element elementor-element-7435385 elementor-widget elementor-widget-heading\" data-id=\"7435385\" data-element_type=\"widget\" data-widget_type=\"heading.default\">\n\t\t\t\t<div class=\"elementor-widget-container\">\n\t\t\t\t\t<h2 class=\"elementor-heading-title elementor-size-default\">Servicio SEO Estrat\u00e9gico Para El Crecimiento de Tu Negocio<\/h2>\t\t\t\t<\/div>\n\t\t\t\t<\/div>\n\t\t\t\t\t<\/div>\n\t\t\t\t<\/div>\n\t\t<div class=\"elementor-element elementor-element-cdb6ea2 e-flex e-con-boxed e-con e-parent\" data-id=\"cdb6ea2\" data-element_type=\"container\">\n\t\t\t\t\t<div class=\"e-con-inner\">\n\t\t\t\t<div class=\"elementor-element elementor-element-b540545 elementor-widget elementor-widget-text-editor\" data-id=\"b540545\" data-element_type=\"widget\" data-widget_type=\"text-editor.default\">\n\t\t\t\t<div class=\"elementor-widget-container\">\n\t\t\t\t\t\t\t\t\t<p>\u00bfEst\u00e1s buscando <strong>Servicio SEO Estrat\u00e9gico<\/strong>\u00a0para tu Negocio?<\/p><p>\u00bfTiene problemas para que los motores de b\u00fasqueda se fijen en su sitio web?<\/p><p>\u00a1No hay necesidad de buscar m\u00e1s!<\/p>\t\t\t\t\t\t\t\t<\/div>\n\t\t\t\t<\/div>\n\t\t\t\t\t<\/div>\n\t\t\t\t<\/div>\n\t\t<div class=\"elementor-element elementor-element-d16ae47 e-flex e-con-boxed e-con e-parent\" data-id=\"d16ae47\" data-element_type=\"container\">\n\t\t\t\t\t<div class=\"e-con-inner\">\n\t\t\t\t<div class=\"elementor-element elementor-element-c31e0e5 elementor-align-center elementor-widget elementor-widget-button\" data-id=\"c31e0e5\" data-element_type=\"widget\" data-widget_type=\"button.default\">\n\t\t\t\t<div class=\"elementor-widget-container\">\n\t\t\t\t\t\t\t\t\t<div class=\"elementor-button-wrapper\">\n\t\t\t\t\t<a class=\"elementor-button elementor-button-link elementor-size-sm\" href=\"https:\/\/wa.me\/573107632052?text=%C2%A1Hola%20Diego!Requiero%20informaci%C3%B3n%20de:%20\" target=\"_blank\" rel=\"nofollow\">\n\t\t\t\t\t\t<span class=\"elementor-button-content-wrapper\">\n\t\t\t\t\t\t\t\t\t<span class=\"elementor-button-text\">\u00a1Contactar un Asesor Ahora!<\/span>\n\t\t\t\t\t<\/span>\n\t\t\t\t\t<\/a>\n\t\t\t\t<\/div>\n\t\t\t\t\t\t\t\t<\/div>\n\t\t\t\t<\/div>\n\t\t\t\t\t<\/div>\n\t\t\t\t<\/div>\n\t\t<div class=\"elementor-element elementor-element-45d12c3 e-flex e-con-boxed e-con e-parent\" data-id=\"45d12c3\" data-element_type=\"container\">\n\t\t\t\t\t<div class=\"e-con-inner\">\n\t\t\t\t<div class=\"elementor-element elementor-element-c4cbf6d elementor-widget elementor-widget-text-editor\" data-id=\"c4cbf6d\" data-element_type=\"widget\" data-widget_type=\"text-editor.default\">\n\t\t\t\t<div class=\"elementor-widget-container\">\n\t\t\t\t\t\t\t\t\t<p>Implementaremos para tu negocio, una estrategia personalizada, dise\u00f1ada para ayudar a tu empresa a aumentar la visibilidad, el posicionamiento en buscadores y el tr\u00e1fico org\u00e1nico. Nuestros expertos en SEO, se comprometen a proporcionarte las estrategias y t\u00e9cnicas m\u00e1s actualizadas, las cuales las implementaremos en tu sitio web, para que d\u00e9 respuesta a las intenciones de b\u00fasqueda de tu cliente ideal.<\/p><p><strong>Ventajas<\/strong>: Estas son las ventas que logras cuando implementas una buena estrategia de Seo:<\/p><ul><li>Mejor posicionamiento en buscadores<\/li><li>Aumento del tr\u00e1fico org\u00e1nico<\/li><li>Experiencia de usuario mejorada<\/li><li>Mejor Visibilidad de Marca<\/li><li>Estrategia SEO personalizada<\/li><li>Investigaci\u00f3n de palabras clave<\/li><li>Optimizaci\u00f3n On-Page<\/li><li>Optimizaci\u00f3n Off-Page<\/li><li>SEO T\u00e9cnico<\/li><li>Creaci\u00f3n y optimizaci\u00f3n de contenidos<\/li><li>SEO Local<\/li><\/ul><p>\u00bfTienes alguna duda?<\/p><p>Nuestro <strong>Servicio de SEO Estrat\u00e9gico <\/strong>est\u00e1 dise\u00f1ado para transformar tu presencia en l\u00ednea y llevar tu negocio al siguiente nivel<\/p><h4><a href=\"https:\/\/wa.me\/573107632052?text=%C2%A1Hola%20Diego!%0ARequiero%20Informaci%C3%B3n%20de:\" target=\"_blank\" rel=\"noopener\"><strong><em>\u00a1Contacta un Asesor Ahora!<\/em><\/strong><\/a><\/h4><p>Te sugiero <a href=\"https:\/\/threeautomation.com\/es\/producto\/inbound-marketing\/\">Inbound Marketing<\/a><\/p>\t\t\t\t\t\t\t\t<\/div>\n\t\t\t\t<\/div>\n\t\t\t\t\t<\/div>\n\t\t\t\t<\/div>\n\t\t\t\t<\/div>\n\t\t","protected":false},"excerpt":{"rendered":"<p style=\"text-align: center;\">Impulsa Tu Negocio al Siguiente Nivel<\/p>\n<p style=\"text-align: center;\"><span style=\"color: #31f935;\"><strong><a class=\"gb-button gb-button-3169703f gb-button-text\" style=\"color: #31f935;\" href=\"https:\/\/wa.me\/573107632052?text=%C2%A1Hola%20Diego!%0ARequiero%20informaci%C3%B3n%20de:%20\" target=\"_blank\" rel=\"nofollow noopener noreferrer\">\u00a1Clic Aqu\u00ed!<\/a><\/strong><\/span><\/p>\n","protected":false},"featured_media":1763,"comment_status":"open","ping_status":"closed","template":"elementor_theme","meta":{"editor_plus_copied_stylings":"{}"},"product_brand":[],"product_cat":[32],"product_tag":[26,31,41,39,40],"class_list":{"0":"post-1762","1":"product","2":"type-product","3":"status-publish","4":"has-post-thumbnail","6":"product_cat-seo","7":"product_tag-agencia-de-marketing-digital","8":"product_tag-agencia-seo","9":"product_tag-marketing-digital-en-bucaramanga","10":"product_tag-marketing-digital-en-cali","11":"product_tag-servicios-de-marketing-digital","12":"sales-flash-overlay","13":"woocommerce-text-align-center","14":"woocommerce-image-align-center","15":"do-quantity-buttons","16":"wc-has-gallery","18":"first","19":"outofstock","20":"shipping-taxable","21":"product-type-simple"},"yoast_head":"<!-- This site is optimized with the Yoast SEO plugin v26.1.1 - https:\/\/yoast.com\/wordpress\/plugins\/seo\/ -->\n<title>Servicio SEO Estrat\u00e9gico | Impulsa Tu Negocio | \u25b7 \u00a1Clic Aqu\u00ed!<\/title>\n<meta name=\"description\" content=\"Servicio SEO Estrat\u00e9gico | ThreeAutomation\u00ae | Acelera tu Crecimiento On-line | Maximiza Tu Visibilidad y Atrae el cliente que Quieres - \u00a1Act\u00faa Ya!\" \/>\n<meta name=\"robots\" content=\"index, follow, max-snippet:-1, max-image-preview:large, max-video-preview:-1\" \/>\n<link rel=\"canonical\" href=\"https:\/\/threeautomation.com\/es\/producto\/servicio-seo-estrategico\/\" \/>\n<meta property=\"og:locale\" content=\"es_ES\" \/>\n<meta property=\"og:type\" content=\"article\" \/>\n<meta property=\"og:title\" content=\"Servicio SEO Estrat\u00e9gico | Impulsa Tu Negocio | \u25b7 \u00a1Clic Aqu\u00ed!\" \/>\n<meta property=\"og:description\" content=\"Servicio SEO Estrat\u00e9gico | ThreeAutomation\u00ae | Acelera tu Crecimiento On-line | Maximiza Tu Visibilidad y Atrae el cliente que Quieres - \u00a1Act\u00faa Ya!\" \/>\n<meta property=\"og:url\" content=\"https:\/\/threeautomation.com\/es\/producto\/servicio-seo-estrategico\/\" \/>\n<meta property=\"og:site_name\" content=\"Threeautomation ES\" \/>\n<meta property=\"article:publisher\" content=\"https:\/\/web.facebook.com\/Threeautomation\/\" \/>\n<meta property=\"article:modified_time\" content=\"2024-09-25T13:22:37+00:00\" \/>\n<meta property=\"og:image\" content=\"https:\/\/threeautomation.com\/es\/wp-content\/uploads\/2024\/01\/seo.webp\" \/>\n\t<meta property=\"og:image:width\" content=\"504\" \/>\n\t<meta property=\"og:image:height\" content=\"504\" \/>\n\t<meta property=\"og:image:type\" content=\"image\/webp\" \/>\n<meta name=\"twitter:card\" content=\"summary_large_image\" \/>\n<meta name=\"twitter:label1\" content=\"Tiempo de lectura\" \/>\n\t<meta name=\"twitter:data1\" content=\"1 minuto\" \/>\n<script type=\"application\/ld+json\" class=\"yoast-schema-graph\">{\"@context\":\"https:\/\/schema.org\",\"@graph\":[{\"@type\":\"WebPage\",\"@id\":\"https:\/\/threeautomation.com\/es\/producto\/servicio-seo-estrategico\/\",\"url\":\"https:\/\/threeautomation.com\/es\/producto\/servicio-seo-estrategico\/\",\"name\":\"Servicio SEO Estrat\u00e9gico | Impulsa Tu Negocio | \u25b7 \u00a1Clic Aqu\u00ed!\",\"isPartOf\":{\"@id\":\"https:\/\/threeautomation.com\/es\/#website\"},\"primaryImageOfPage\":{\"@id\":\"https:\/\/threeautomation.com\/es\/producto\/servicio-seo-estrategico\/#primaryimage\"},\"image\":{\"@id\":\"https:\/\/threeautomation.com\/es\/producto\/servicio-seo-estrategico\/#primaryimage\"},\"thumbnailUrl\":\"https:\/\/threeautomation.com\/es\/wp-content\/uploads\/2024\/01\/seo.webp\",\"datePublished\":\"2024-01-18T14:10:08+00:00\",\"dateModified\":\"2024-09-25T13:22:37+00:00\",\"description\":\"Servicio SEO Estrat\u00e9gico | ThreeAutomation\u00ae | Acelera tu Crecimiento On-line | Maximiza Tu Visibilidad y Atrae el cliente que Quieres - \u00a1Act\u00faa Ya!\",\"breadcrumb\":{\"@id\":\"https:\/\/threeautomation.com\/es\/producto\/servicio-seo-estrategico\/#breadcrumb\"},\"inLanguage\":\"es\",\"potentialAction\":[{\"@type\":\"ReadAction\",\"target\":[\"https:\/\/threeautomation.com\/es\/producto\/servicio-seo-estrategico\/\"]}]},{\"@type\":\"ImageObject\",\"inLanguage\":\"es\",\"@id\":\"https:\/\/threeautomation.com\/es\/producto\/servicio-seo-estrategico\/#primaryimage\",\"url\":\"https:\/\/threeautomation.com\/es\/wp-content\/uploads\/2024\/01\/seo.webp\",\"contentUrl\":\"https:\/\/threeautomation.com\/es\/wp-content\/uploads\/2024\/01\/seo.webp\",\"width\":504,\"height\":504,\"caption\":\"SEO estrat\u00e9gico\"},{\"@type\":\"BreadcrumbList\",\"@id\":\"https:\/\/threeautomation.com\/es\/producto\/servicio-seo-estrategico\/#breadcrumb\",\"itemListElement\":[{\"@type\":\"ListItem\",\"position\":1,\"name\":\"Portada\",\"item\":\"https:\/\/threeautomation.com\/es\/\"},{\"@type\":\"ListItem\",\"position\":2,\"name\":\"Tienda\",\"item\":\"https:\/\/threeautomation.com\/es\/tienda\/\"},{\"@type\":\"ListItem\",\"position\":3,\"name\":\"Servicio SEO Estrat\u00e9gico\"}]},{\"@type\":\"WebSite\",\"@id\":\"https:\/\/threeautomation.com\/es\/#website\",\"url\":\"https:\/\/threeautomation.com\/es\/\",\"name\":\"Threeautomation ES\",\"description\":\"Threeautomation | Agencia de Transformaci\u00f3n Digital  | Soluciones que Venden\",\"publisher\":{\"@id\":\"https:\/\/threeautomation.com\/es\/#organization\"},\"potentialAction\":[{\"@type\":\"SearchAction\",\"target\":{\"@type\":\"EntryPoint\",\"urlTemplate\":\"https:\/\/threeautomation.com\/es\/?s={search_term_string}\"},\"query-input\":{\"@type\":\"PropertyValueSpecification\",\"valueRequired\":true,\"valueName\":\"search_term_string\"}}],\"inLanguage\":\"es\"},{\"@type\":\"Organization\",\"@id\":\"https:\/\/threeautomation.com\/es\/#organization\",\"name\":\"Threeautomation\",\"url\":\"https:\/\/threeautomation.com\/es\/\",\"logo\":{\"@type\":\"ImageObject\",\"inLanguage\":\"es\",\"@id\":\"https:\/\/threeautomation.com\/es\/#\/schema\/logo\/image\/\",\"url\":\"https:\/\/threeautomation.com\/es\/wp-content\/uploads\/2024\/02\/cropped-cropped-favicon-es.png\",\"contentUrl\":\"https:\/\/threeautomation.com\/es\/wp-content\/uploads\/2024\/02\/cropped-cropped-favicon-es.png\",\"width\":512,\"height\":485,\"caption\":\"Threeautomation\"},\"image\":{\"@id\":\"https:\/\/threeautomation.com\/es\/#\/schema\/logo\/image\/\"},\"sameAs\":[\"https:\/\/web.facebook.com\/Threeautomation\/\",\"https:\/\/www.instagram.com\/threeautomation\/\"]}]}<\/script>\n<!-- \/ Yoast SEO plugin. -->","yoast_head_json":{"title":"Servicio SEO Estrat\u00e9gico | Impulsa Tu Negocio | \u25b7 \u00a1Clic Aqu\u00ed!","description":"Servicio SEO Estrat\u00e9gico | ThreeAutomation\u00ae | Acelera tu Crecimiento On-line | Maximiza Tu Visibilidad y Atrae el cliente que Quieres - \u00a1Act\u00faa Ya!","robots":{"index":"index","follow":"follow","max-snippet":"max-snippet:-1","max-image-preview":"max-image-preview:large","max-video-preview":"max-video-preview:-1"},"canonical":"https:\/\/threeautomation.com\/es\/producto\/servicio-seo-estrategico\/","og_locale":"es_ES","og_type":"article","og_title":"Servicio SEO Estrat\u00e9gico | Impulsa Tu Negocio | \u25b7 \u00a1Clic Aqu\u00ed!","og_description":"Servicio SEO Estrat\u00e9gico | ThreeAutomation\u00ae | Acelera tu Crecimiento On-line | Maximiza Tu Visibilidad y Atrae el cliente que Quieres - \u00a1Act\u00faa Ya!","og_url":"https:\/\/threeautomation.com\/es\/producto\/servicio-seo-estrategico\/","og_site_name":"Threeautomation ES","article_publisher":"https:\/\/web.facebook.com\/Threeautomation\/","article_modified_time":"2024-09-25T13:22:37+00:00","og_image":[{"width":504,"height":504,"url":"https:\/\/threeautomation.com\/es\/wp-content\/uploads\/2024\/01\/seo.webp","type":"image\/webp"}],"twitter_card":"summary_large_image","twitter_misc":{"Tiempo de lectura":"1 minuto"},"schema":{"@context":"https:\/\/schema.org","@graph":[{"@type":"WebPage","@id":"https:\/\/threeautomation.com\/es\/producto\/servicio-seo-estrategico\/","url":"https:\/\/threeautomation.com\/es\/producto\/servicio-seo-estrategico\/","name":"Servicio SEO Estrat\u00e9gico | Impulsa Tu Negocio | \u25b7 \u00a1Clic Aqu\u00ed!","isPartOf":{"@id":"https:\/\/threeautomation.com\/es\/#website"},"primaryImageOfPage":{"@id":"https:\/\/threeautomation.com\/es\/producto\/servicio-seo-estrategico\/#primaryimage"},"image":{"@id":"https:\/\/threeautomation.com\/es\/producto\/servicio-seo-estrategico\/#primaryimage"},"thumbnailUrl":"https:\/\/threeautomation.com\/es\/wp-content\/uploads\/2024\/01\/seo.webp","datePublished":"2024-01-18T14:10:08+00:00","dateModified":"2024-09-25T13:22:37+00:00","description":"Servicio SEO Estrat\u00e9gico | ThreeAutomation\u00ae | Acelera tu Crecimiento On-line | Maximiza Tu Visibilidad y Atrae el cliente que Quieres - \u00a1Act\u00faa Ya!","breadcrumb":{"@id":"https:\/\/threeautomation.com\/es\/producto\/servicio-seo-estrategico\/#breadcrumb"},"inLanguage":"es","potentialAction":[{"@type":"ReadAction","target":["https:\/\/threeautomation.com\/es\/producto\/servicio-seo-estrategico\/"]}]},{"@type":"ImageObject","inLanguage":"es","@id":"https:\/\/threeautomation.com\/es\/producto\/servicio-seo-estrategico\/#primaryimage","url":"https:\/\/threeautomation.com\/es\/wp-content\/uploads\/2024\/01\/seo.webp","contentUrl":"https:\/\/threeautomation.com\/es\/wp-content\/uploads\/2024\/01\/seo.webp","width":504,"height":504,"caption":"SEO estrat\u00e9gico"},{"@type":"BreadcrumbList","@id":"https:\/\/threeautomation.com\/es\/producto\/servicio-seo-estrategico\/#breadcrumb","itemListElement":[{"@type":"ListItem","position":1,"name":"Portada","item":"https:\/\/threeautomation.com\/es\/"},{"@type":"ListItem","position":2,"name":"Tienda","item":"https:\/\/threeautomation.com\/es\/tienda\/"},{"@type":"ListItem","position":3,"name":"Servicio SEO Estrat\u00e9gico"}]},{"@type":"WebSite","@id":"https:\/\/threeautomation.com\/es\/#website","url":"https:\/\/threeautomation.com\/es\/","name":"Threeautomation ES","description":"Threeautomation | Agencia de Transformaci\u00f3n Digital  | Soluciones que Venden","publisher":{"@id":"https:\/\/threeautomation.com\/es\/#organization"},"potentialAction":[{"@type":"SearchAction","target":{"@type":"EntryPoint","urlTemplate":"https:\/\/threeautomation.com\/es\/?s={search_term_string}"},"query-input":{"@type":"PropertyValueSpecification","valueRequired":true,"valueName":"search_term_string"}}],"inLanguage":"es"},{"@type":"Organization","@id":"https:\/\/threeautomation.com\/es\/#organization","name":"Threeautomation","url":"https:\/\/threeautomation.com\/es\/","logo":{"@type":"ImageObject","inLanguage":"es","@id":"https:\/\/threeautomation.com\/es\/#\/schema\/logo\/image\/","url":"https:\/\/threeautomation.com\/es\/wp-content\/uploads\/2024\/02\/cropped-cropped-favicon-es.png","contentUrl":"https:\/\/threeautomation.com\/es\/wp-content\/uploads\/2024\/02\/cropped-cropped-favicon-es.png","width":512,"height":485,"caption":"Threeautomation"},"image":{"@id":"https:\/\/threeautomation.com\/es\/#\/schema\/logo\/image\/"},"sameAs":["https:\/\/web.facebook.com\/Threeautomation\/","https:\/\/www.instagram.com\/threeautomation\/"]}]}},"_links":{"self":[{"href":"https:\/\/threeautomation.com\/es\/wp-json\/wp\/v2\/product\/1762","targetHints":{"allow":["GET"]}}],"collection":[{"href":"https:\/\/threeautomation.com\/es\/wp-json\/wp\/v2\/product"}],"about":[{"href":"https:\/\/threeautomation.com\/es\/wp-json\/wp\/v2\/types\/product"}],"replies":[{"embeddable":true,"href":"https:\/\/threeautomation.com\/es\/wp-json\/wp\/v2\/comments?post=1762"}],"version-history":[{"count":6,"href":"https:\/\/threeautomation.com\/es\/wp-json\/wp\/v2\/product\/1762\/revisions"}],"predecessor-version":[{"id":4341,"href":"https:\/\/threeautomation.com\/es\/wp-json\/wp\/v2\/product\/1762\/revisions\/4341"}],"wp:featuredmedia":[{"embeddable":true,"href":"https:\/\/threeautomation.com\/es\/wp-json\/wp\/v2\/media\/1763"}],"wp:attachment":[{"href":"https:\/\/threeautomation.com\/es\/wp-json\/wp\/v2\/media?parent=1762"}],"wp:term":[{"taxonomy":"product_brand","embeddable":true,"href":"https:\/\/threeautomation.com\/es\/wp-json\/wp\/v2\/product_brand?post=1762"},{"taxonomy":"product_cat","embeddable":true,"href":"https:\/\/threeautomation.com\/es\/wp-json\/wp\/v2\/product_cat?post=1762"},{"taxonomy":"product_tag","embeddable":true,"href":"https:\/\/threeautomation.com\/es\/wp-json\/wp\/v2\/product_tag?post=1762"}],"curies":[{"name":"wp","href":"https:\/\/api.w.org\/{rel}","templated":true}]}}