{"id":7,"date":"2024-01-09T23:12:39","date_gmt":"2024-01-09T23:12:39","guid":{"rendered":"https:\/\/threeautomation.com\/es\/?page_id=7"},"modified":"2025-09-05T17:06:30","modified_gmt":"2025-09-05T22:06:30","slug":"cart","status":"publish","type":"page","link":"https:\/\/threeautomation.com\/es\/cart\/","title":{"rendered":"Cart"},"content":{"rendered":"\n<div data-block-name=\"woocommerce\/cart\" class=\"wp-block-woocommerce-cart alignwide is-loading\">\n<div data-block-name=\"woocommerce\/filled-cart-block\" class=\"wp-block-woocommerce-filled-cart-block\">\n<div data-block-name=\"woocommerce\/cart-items-block\" class=\"wp-block-woocommerce-cart-items-block\">\n<div data-block-name=\"woocommerce\/cart-line-items-block\" class=\"wp-block-woocommerce-cart-line-items-block\"><\/div>\n\n\n\n<div data-block-name=\"woocommerce\/cart-cross-sells-block\" class=\"wp-block-woocommerce-cart-cross-sells-block\">\n<h2 class=\" wp-block-heading has-large-font-size eplus-wrapper\">You may be interested in\u2026<\/h2>\n\n\n\n<div data-block-name=\"woocommerce\/cart-cross-sells-products-block\" class=\"wp-block-woocommerce-cart-cross-sells-products-block\"><\/div>\n<\/div>\n<\/div>\n\n\n\n<div data-block-name=\"woocommerce\/cart-totals-block\" class=\"wp-block-woocommerce-cart-totals-block\">\n<div data-block-name=\"woocommerce\/cart-order-summary-block\" class=\"wp-block-woocommerce-cart-order-summary-block\">\n<div data-block-name=\"woocommerce\/cart-order-summary-heading-block\" class=\"wp-block-woocommerce-cart-order-summary-heading-block\"><\/div><div data-block-name=\"woocommerce\/cart-order-summary-coupon-form-block\" class=\"wp-block-woocommerce-cart-order-summary-coupon-form-block\"><\/div><div data-block-name=\"woocommerce\/cart-order-summary-totals-block\" class=\"wp-block-woocommerce-cart-order-summary-totals-block\">\n<div data-block-name=\"woocommerce\/cart-order-summary-subtotal-block\" class=\"wp-block-woocommerce-cart-order-summary-subtotal-block\"><\/div>\n<div data-block-name=\"woocommerce\/cart-order-summary-discount-block\" class=\"wp-block-woocommerce-cart-order-summary-discount-block\"><\/div>\n<div data-block-name=\"woocommerce\/cart-order-summary-fee-block\" class=\"wp-block-woocommerce-cart-order-summary-fee-block\"><\/div>\n<div data-block-name=\"woocommerce\/cart-order-summary-shipping-block\" class=\"wp-block-woocommerce-cart-order-summary-shipping-block\"><\/div>\n<div data-block-name=\"woocommerce\/cart-order-summary-taxes-block\" class=\"wp-block-woocommerce-cart-order-summary-taxes-block\"><\/div><\/div>\n<\/div>\n\n\n\n<div data-block-name=\"woocommerce\/cart-express-payment-block\" class=\"wp-block-woocommerce-cart-express-payment-block\"><\/div>\n\n\n\n<div data-block-name=\"woocommerce\/proceed-to-checkout-block\" class=\"wp-block-woocommerce-proceed-to-checkout-block\"><\/div>\n\n\n\n<div data-block-name=\"woocommerce\/cart-accepted-payment-methods-block\" class=\"wp-block-woocommerce-cart-accepted-payment-methods-block\"><\/div>\n<\/div>\n<\/div>\n\n\n\n<div data-block-name=\"woocommerce\/empty-cart-block\" class=\"wp-block-woocommerce-empty-cart-block\">\n<h2 class=\"with-empty-cart-icon wc-block-cart__empty-cart__title wp-block-heading has-text-align-center eplus-wrapper\">Your cart is currently empty!<\/h2>\n\n\n\n<hr class=\"is-style-dots wp-block-separator has-alpha-channel-opacity eplus-wrapper\"\/>\n\n\n\n<h2 class=\" wp-block-heading has-text-align-center eplus-wrapper\">New in store<\/h2>\n\n\n<div data-block-name=\"woocommerce\/product-new\" data-columns=\"4\" data-rows=\"1\" class=\"wc-block-grid wp-block-product-new wp-block-woocommerce-product-new wc-block-product-new has-4-columns\"><ul class=\"wc-block-grid__products\"><li class=\"wc-block-grid__product\">\n\t\t\t\t<a href=\"https:\/\/threeautomation.com\/es\/producto\/gestion-campanas-google-ads\/\" class=\"wc-block-grid__product-link\">\n\t\t\t\t\t\n\t\t\t\t\t<div class=\"wc-block-grid__product-image\"><img fetchpriority=\"high\" decoding=\"async\" width=\"300\" height=\"300\" src=\"https:\/\/threeautomation.com\/es\/wp-content\/uploads\/2024\/06\/gestion-campanas-google-ads-300x300.webp\" class=\"attachment-woocommerce_thumbnail size-woocommerce_thumbnail\" alt=\"Gesti\u00f3n campanas Google Ads\" srcset=\"https:\/\/threeautomation.com\/es\/wp-content\/uploads\/2024\/06\/gestion-campanas-google-ads-300x300.webp 300w, https:\/\/threeautomation.com\/es\/wp-content\/uploads\/2024\/06\/gestion-campanas-google-ads-150x150.webp 150w, https:\/\/threeautomation.com\/es\/wp-content\/uploads\/2024\/06\/gestion-campanas-google-ads-100x100.webp 100w, https:\/\/threeautomation.com\/es\/wp-content\/uploads\/2024\/06\/gestion-campanas-google-ads.webp 504w\" sizes=\"(max-width: 300px) 100vw, 300px\" \/><\/div>\n\t\t\t\t\t<div class=\"wc-block-grid__product-title\">Gesti\u00f3n de Campa\u00f1as Google Ads<\/div>\n\t\t\t\t<\/a>\n\t\t\t\t<div class=\"wc-block-grid__product-price price\"><p class=\"stock out-of-stock out_of_stock_color woo-custom-stock-status\">\u00a1Lo Quiero!<\/p><\/div>\n\t\t\t\t\n\t\t\t\t<div class=\"wp-block-button wc-block-grid__product-add-to-cart\"><a href=\"https:\/\/threeautomation.com\/es\/producto\/gestion-campanas-google-ads\/\" aria-label=\"Lee m\u00e1s sobre &ldquo;Gesti\u00f3n de Campa\u00f1as Google Ads&rdquo;\" data-quantity=\"1\" data-product_id=\"2894\" data-product_sku=\"\" data-price=\"0\" rel=\"nofollow\" class=\"wp-block-button__link  add_to_cart_button\">Leer m\u00e1s<\/a><\/div>\n\t\t\t<\/li><li class=\"wc-block-grid__product\">\n\t\t\t\t<a href=\"https:\/\/threeautomation.com\/es\/producto\/sistema-odoo\/\" class=\"wc-block-grid__product-link\">\n\t\t\t\t\t\n\t\t\t\t\t<div class=\"wc-block-grid__product-image\"><img decoding=\"async\" width=\"300\" height=\"300\" src=\"https:\/\/threeautomation.com\/es\/wp-content\/uploads\/2024\/06\/sistema-odoo-300x300.webp\" class=\"attachment-woocommerce_thumbnail size-woocommerce_thumbnail\" alt=\"Infograf\u00eda de producto sistema odoo\" srcset=\"https:\/\/threeautomation.com\/es\/wp-content\/uploads\/2024\/06\/sistema-odoo-300x300.webp 300w, https:\/\/threeautomation.com\/es\/wp-content\/uploads\/2024\/06\/sistema-odoo-150x150.webp 150w, https:\/\/threeautomation.com\/es\/wp-content\/uploads\/2024\/06\/sistema-odoo-100x100.webp 100w, https:\/\/threeautomation.com\/es\/wp-content\/uploads\/2024\/06\/sistema-odoo.webp 504w\" sizes=\"(max-width: 300px) 100vw, 300px\" \/><\/div>\n\t\t\t\t\t<div class=\"wc-block-grid__product-title\">Sistema Odoo<\/div>\n\t\t\t\t<\/a>\n\t\t\t\t<div class=\"wc-block-grid__product-price price\"><p class=\"stock out-of-stock out_of_stock_color woo-custom-stock-status\">\u00a1Lo Quiero!<\/p><\/div>\n\t\t\t\t\n\t\t\t\t<div class=\"wp-block-button wc-block-grid__product-add-to-cart\"><a href=\"https:\/\/threeautomation.com\/es\/producto\/sistema-odoo\/\" aria-label=\"Lee m\u00e1s sobre &ldquo;Sistema Odoo&rdquo;\" data-quantity=\"1\" data-product_id=\"2847\" data-product_sku=\"\" data-price=\"0\" rel=\"nofollow\" class=\"wp-block-button__link  add_to_cart_button\">Leer m\u00e1s<\/a><\/div>\n\t\t\t<\/li><li class=\"wc-block-grid__product\">\n\t\t\t\t<a href=\"https:\/\/threeautomation.com\/es\/producto\/auditoria-seo\/\" class=\"wc-block-grid__product-link\">\n\t\t\t\t\t\n\t\t\t\t\t<div class=\"wc-block-grid__product-image\"><img decoding=\"async\" width=\"300\" height=\"300\" src=\"https:\/\/threeautomation.com\/es\/wp-content\/uploads\/2024\/01\/auditoria-seo-300x300.webp\" class=\"attachment-woocommerce_thumbnail size-woocommerce_thumbnail\" alt=\"Auditoria Seo\" srcset=\"https:\/\/threeautomation.com\/es\/wp-content\/uploads\/2024\/01\/auditoria-seo-300x300.webp 300w, https:\/\/threeautomation.com\/es\/wp-content\/uploads\/2024\/01\/auditoria-seo-150x150.webp 150w, https:\/\/threeautomation.com\/es\/wp-content\/uploads\/2024\/01\/auditoria-seo-100x100.webp 100w, https:\/\/threeautomation.com\/es\/wp-content\/uploads\/2024\/01\/auditoria-seo.webp 504w\" sizes=\"(max-width: 300px) 100vw, 300px\" \/><\/div>\n\t\t\t\t\t<div class=\"wc-block-grid__product-title\">Auditoria SEO<\/div>\n\t\t\t\t<\/a>\n\t\t\t\t<div class=\"wc-block-grid__product-price price\"><p class=\"stock out-of-stock out_of_stock_color woo-custom-stock-status\">\u00a1Lo Quiero!<\/p><\/div>\n\t\t\t\t\n\t\t\t\t<div class=\"wp-block-button wc-block-grid__product-add-to-cart\"><a href=\"https:\/\/threeautomation.com\/es\/producto\/auditoria-seo\/\" aria-label=\"Lee m\u00e1s sobre &ldquo;Auditoria SEO&rdquo;\" data-quantity=\"1\" data-product_id=\"1805\" data-product_sku=\"\" data-price=\"0\" rel=\"nofollow\" class=\"wp-block-button__link  add_to_cart_button\">Leer m\u00e1s<\/a><\/div>\n\t\t\t<\/li><li class=\"wc-block-grid__product\">\n\t\t\t\t<a href=\"https:\/\/threeautomation.com\/es\/producto\/diseno-de-paginas-web\/\" class=\"wc-block-grid__product-link\">\n\t\t\t\t\t\n\t\t\t\t\t<div class=\"wc-block-grid__product-image\"><img loading=\"lazy\" decoding=\"async\" width=\"300\" height=\"300\" src=\"https:\/\/threeautomation.com\/es\/wp-content\/uploads\/2024\/01\/diseno-de-paginas-web-300x300.webp\" class=\"attachment-woocommerce_thumbnail size-woocommerce_thumbnail\" alt=\"Dise\u00f1o De P\u00e1ginas Web\" srcset=\"https:\/\/threeautomation.com\/es\/wp-content\/uploads\/2024\/01\/diseno-de-paginas-web-300x300.webp 300w, https:\/\/threeautomation.com\/es\/wp-content\/uploads\/2024\/01\/diseno-de-paginas-web-150x150.webp 150w, https:\/\/threeautomation.com\/es\/wp-content\/uploads\/2024\/01\/diseno-de-paginas-web-100x100.webp 100w, https:\/\/threeautomation.com\/es\/wp-content\/uploads\/2024\/01\/diseno-de-paginas-web.webp 504w\" sizes=\"(max-width: 300px) 100vw, 300px\" \/><\/div>\n\t\t\t\t\t<div class=\"wc-block-grid__product-title\">Dise\u00f1o de P\u00e1ginas Web<\/div>\n\t\t\t\t<\/a>\n\t\t\t\t<div class=\"wc-block-grid__product-price price\"><p class=\"stock out-of-stock out_of_stock_color woo-custom-stock-status\">\u00a1Lo Quiero!<\/p><\/div>\n\t\t\t\t\n\t\t\t\t<div class=\"wp-block-button wc-block-grid__product-add-to-cart\"><a href=\"https:\/\/threeautomation.com\/es\/producto\/diseno-de-paginas-web\/\" aria-label=\"Lee m\u00e1s sobre &ldquo;Dise\u00f1o de P\u00e1ginas Web&rdquo;\" data-quantity=\"1\" data-product_id=\"1793\" data-product_sku=\"\" data-price=\"0\" rel=\"nofollow\" class=\"wp-block-button__link  add_to_cart_button\">Leer m\u00e1s<\/a><\/div>\n\t\t\t<\/li><\/ul><\/div><\/div>\n<\/div>\n","protected":false},"excerpt":{"rendered":"","protected":false},"author":1,"featured_media":0,"parent":0,"menu_order":0,"comment_status":"closed","ping_status":"closed","template":"","meta":{"editor_plus_copied_stylings":"{}","footnotes":""},"class_list":["post-7","page","type-page","status-publish"],"featured_image_src":null,"yoast_head":"<!-- This site is optimized with the Yoast SEO plugin v26.1.1 - https:\/\/yoast.com\/wordpress\/plugins\/seo\/ -->\n<title>Cart - Threeautomation ES<\/title>\n<meta name=\"robots\" content=\"index, follow, max-snippet:-1, max-image-preview:large, max-video-preview:-1\" \/>\n<link rel=\"canonical\" href=\"https:\/\/threeautomation.com\/es\/cart\/\" \/>\n<meta property=\"og:locale\" content=\"es_ES\" \/>\n<meta property=\"og:type\" content=\"article\" \/>\n<meta property=\"og:title\" content=\"Cart - Threeautomation ES\" \/>\n<meta property=\"og:url\" content=\"https:\/\/threeautomation.com\/es\/cart\/\" \/>\n<meta property=\"og:site_name\" content=\"Threeautomation ES\" \/>\n<meta property=\"article:publisher\" content=\"https:\/\/web.facebook.com\/Threeautomation\/\" \/>\n<meta property=\"article:modified_time\" content=\"2025-09-05T22:06:30+00:00\" \/>\n<meta property=\"og:image\" content=\"https:\/\/threeautomation.com\/es\/wp-content\/uploads\/2024\/02\/Expert-seo.webp\" \/>\n\t<meta property=\"og:image:width\" content=\"1200\" \/>\n\t<meta property=\"og:image:height\" content=\"675\" \/>\n\t<meta property=\"og:image:type\" content=\"image\/webp\" \/>\n<meta name=\"twitter:card\" content=\"summary_large_image\" \/>\n<script type=\"application\/ld+json\" class=\"yoast-schema-graph\">{\"@context\":\"https:\/\/schema.org\",\"@graph\":[{\"@type\":\"WebPage\",\"@id\":\"https:\/\/threeautomation.com\/es\/cart\/\",\"url\":\"https:\/\/threeautomation.com\/es\/cart\/\",\"name\":\"Cart - Threeautomation ES\",\"isPartOf\":{\"@id\":\"https:\/\/threeautomation.com\/es\/#website\"},\"datePublished\":\"2024-01-09T23:12:39+00:00\",\"dateModified\":\"2025-09-05T22:06:30+00:00\",\"breadcrumb\":{\"@id\":\"https:\/\/threeautomation.com\/es\/cart\/#breadcrumb\"},\"inLanguage\":\"es\",\"potentialAction\":[{\"@type\":\"ReadAction\",\"target\":[\"https:\/\/threeautomation.com\/es\/cart\/\"]}]},{\"@type\":\"BreadcrumbList\",\"@id\":\"https:\/\/threeautomation.com\/es\/cart\/#breadcrumb\",\"itemListElement\":[{\"@type\":\"ListItem\",\"position\":1,\"name\":\"Portada\",\"item\":\"https:\/\/threeautomation.com\/es\/\"},{\"@type\":\"ListItem\",\"position\":2,\"name\":\"Cart\"}]},{\"@type\":\"WebSite\",\"@id\":\"https:\/\/threeautomation.com\/es\/#website\",\"url\":\"https:\/\/threeautomation.com\/es\/\",\"name\":\"Threeautomation ES\",\"description\":\"Threeautomation | Agencia de Transformaci\u00f3n Digital  | Soluciones que Venden\",\"publisher\":{\"@id\":\"https:\/\/threeautomation.com\/es\/#organization\"},\"potentialAction\":[{\"@type\":\"SearchAction\",\"target\":{\"@type\":\"EntryPoint\",\"urlTemplate\":\"https:\/\/threeautomation.com\/es\/?s={search_term_string}\"},\"query-input\":{\"@type\":\"PropertyValueSpecification\",\"valueRequired\":true,\"valueName\":\"search_term_string\"}}],\"inLanguage\":\"es\"},{\"@type\":\"Organization\",\"@id\":\"https:\/\/threeautomation.com\/es\/#organization\",\"name\":\"Threeautomation\",\"url\":\"https:\/\/threeautomation.com\/es\/\",\"logo\":{\"@type\":\"ImageObject\",\"inLanguage\":\"es\",\"@id\":\"https:\/\/threeautomation.com\/es\/#\/schema\/logo\/image\/\",\"url\":\"https:\/\/threeautomation.com\/es\/wp-content\/uploads\/2024\/02\/cropped-cropped-favicon-es.png\",\"contentUrl\":\"https:\/\/threeautomation.com\/es\/wp-content\/uploads\/2024\/02\/cropped-cropped-favicon-es.png\",\"width\":512,\"height\":485,\"caption\":\"Threeautomation\"},\"image\":{\"@id\":\"https:\/\/threeautomation.com\/es\/#\/schema\/logo\/image\/\"},\"sameAs\":[\"https:\/\/web.facebook.com\/Threeautomation\/\",\"https:\/\/www.instagram.com\/threeautomation\/\"]}]}<\/script>\n<!-- \/ Yoast SEO plugin. -->","yoast_head_json":{"title":"Cart - Threeautomation ES","robots":{"index":"index","follow":"follow","max-snippet":"max-snippet:-1","max-image-preview":"max-image-preview:large","max-video-preview":"max-video-preview:-1"},"canonical":"https:\/\/threeautomation.com\/es\/cart\/","og_locale":"es_ES","og_type":"article","og_title":"Cart - Threeautomation ES","og_url":"https:\/\/threeautomation.com\/es\/cart\/","og_site_name":"Threeautomation ES","article_publisher":"https:\/\/web.facebook.com\/Threeautomation\/","article_modified_time":"2025-09-05T22:06:30+00:00","og_image":[{"width":1200,"height":675,"url":"https:\/\/threeautomation.com\/es\/wp-content\/uploads\/2024\/02\/Expert-seo.webp","type":"image\/webp"}],"twitter_card":"summary_large_image","schema":{"@context":"https:\/\/schema.org","@graph":[{"@type":"WebPage","@id":"https:\/\/threeautomation.com\/es\/cart\/","url":"https:\/\/threeautomation.com\/es\/cart\/","name":"Cart - Threeautomation ES","isPartOf":{"@id":"https:\/\/threeautomation.com\/es\/#website"},"datePublished":"2024-01-09T23:12:39+00:00","dateModified":"2025-09-05T22:06:30+00:00","breadcrumb":{"@id":"https:\/\/threeautomation.com\/es\/cart\/#breadcrumb"},"inLanguage":"es","potentialAction":[{"@type":"ReadAction","target":["https:\/\/threeautomation.com\/es\/cart\/"]}]},{"@type":"BreadcrumbList","@id":"https:\/\/threeautomation.com\/es\/cart\/#breadcrumb","itemListElement":[{"@type":"ListItem","position":1,"name":"Portada","item":"https:\/\/threeautomation.com\/es\/"},{"@type":"ListItem","position":2,"name":"Cart"}]},{"@type":"WebSite","@id":"https:\/\/threeautomation.com\/es\/#website","url":"https:\/\/threeautomation.com\/es\/","name":"Threeautomation ES","description":"Threeautomation | Agencia de Transformaci\u00f3n Digital  | Soluciones que Venden","publisher":{"@id":"https:\/\/threeautomation.com\/es\/#organization"},"potentialAction":[{"@type":"SearchAction","target":{"@type":"EntryPoint","urlTemplate":"https:\/\/threeautomation.com\/es\/?s={search_term_string}"},"query-input":{"@type":"PropertyValueSpecification","valueRequired":true,"valueName":"search_term_string"}}],"inLanguage":"es"},{"@type":"Organization","@id":"https:\/\/threeautomation.com\/es\/#organization","name":"Threeautomation","url":"https:\/\/threeautomation.com\/es\/","logo":{"@type":"ImageObject","inLanguage":"es","@id":"https:\/\/threeautomation.com\/es\/#\/schema\/logo\/image\/","url":"https:\/\/threeautomation.com\/es\/wp-content\/uploads\/2024\/02\/cropped-cropped-favicon-es.png","contentUrl":"https:\/\/threeautomation.com\/es\/wp-content\/uploads\/2024\/02\/cropped-cropped-favicon-es.png","width":512,"height":485,"caption":"Threeautomation"},"image":{"@id":"https:\/\/threeautomation.com\/es\/#\/schema\/logo\/image\/"},"sameAs":["https:\/\/web.facebook.com\/Threeautomation\/","https:\/\/www.instagram.com\/threeautomation\/"]}]}},"_links":{"self":[{"href":"https:\/\/threeautomation.com\/es\/wp-json\/wp\/v2\/pages\/7","targetHints":{"allow":["GET"]}}],"collection":[{"href":"https:\/\/threeautomation.com\/es\/wp-json\/wp\/v2\/pages"}],"about":[{"href":"https:\/\/threeautomation.com\/es\/wp-json\/wp\/v2\/types\/page"}],"author":[{"embeddable":true,"href":"https:\/\/threeautomation.com\/es\/wp-json\/wp\/v2\/users\/1"}],"replies":[{"embeddable":true,"href":"https:\/\/threeautomation.com\/es\/wp-json\/wp\/v2\/comments?post=7"}],"version-history":[{"count":1,"href":"https:\/\/threeautomation.com\/es\/wp-json\/wp\/v2\/pages\/7\/revisions"}],"predecessor-version":[{"id":5030,"href":"https:\/\/threeautomation.com\/es\/wp-json\/wp\/v2\/pages\/7\/revisions\/5030"}],"wp:attachment":[{"href":"https:\/\/threeautomation.com\/es\/wp-json\/wp\/v2\/media?parent=7"}],"curies":[{"name":"wp","href":"https:\/\/api.w.org\/{rel}","templated":true}]}}