{"id":6206,"date":"2025-09-16T08:48:08","date_gmt":"2025-09-16T13:48:08","guid":{"rendered":"https:\/\/threeautomation.com\/es\/?page_id=6206"},"modified":"2025-09-16T08:57:41","modified_gmt":"2025-09-16T13:57:41","slug":"pdf-guia-completa-embudo-de-ventas","status":"publish","type":"page","link":"https:\/\/threeautomation.com\/es\/pdf-guia-completa-embudo-de-ventas\/","title":{"rendered":"Pdf Guia completa Embudo de Ventas"},"content":{"rendered":"\t\t<div data-elementor-type=\"wp-page\" data-elementor-id=\"6206\" class=\"elementor elementor-6206\" data-elementor-post-type=\"page\">\n\t\t\t\t<div class=\"elementor-element elementor-element-f02c282 e-flex e-con-boxed e-con e-parent\" data-id=\"f02c282\" data-element_type=\"container\">\n\t\t\t\t\t<div class=\"e-con-inner\">\n\t\t\t\t<div class=\"elementor-element elementor-element-a7772a2 elementor-widget elementor-widget-text-editor\" data-id=\"a7772a2\" data-element_type=\"widget\" data-widget_type=\"text-editor.default\">\n\t\t\t\t<div class=\"elementor-widget-container\">\n\t\t\t\t\t\t\t\t\t<p>Registra tu correo abajo y recibe <strong data-start=\"250\" data-end=\"270\">acceso inmediato<\/strong> a la gu\u00eda exclusiva. <strong data-start=\"292\" data-end=\"307\" data-is-only-node=\"\">100% gratis<\/strong> y pr\u00e1ctica: pasos claros, plantillas y ejemplos listos para usar. <strong data-start=\"374\" data-end=\"408\">Disponible por tiempo limitado<\/strong>. Verifica que tu correo est\u00e9 correcto para recibirla <strong data-start=\"462\" data-end=\"476\">en minutos<\/strong>. <em data-start=\"478\" data-end=\"497\">Desc\u00e1rgala ahora<\/em><\/p>\t\t\t\t\t\t\t\t<\/div>\n\t\t\t\t<\/div>\n\t\t\t\t\t<\/div>\n\t\t\t\t<\/div>\n\t\t<div class=\"elementor-element elementor-element-60ad2518 e-flex e-con-boxed e-con e-parent\" data-id=\"60ad2518\" data-element_type=\"container\">\n\t\t\t\t\t<div class=\"e-con-inner\">\n\t\t\t\t<div class=\"elementor-element elementor-element-66aa5918 elementor-widget elementor-widget-shortcode\" data-id=\"66aa5918\" data-element_type=\"widget\" data-widget_type=\"shortcode.default\">\n\t\t\t\t<div class=\"elementor-widget-container\">\n\t\t\t\t\t\t\t<div class=\"elementor-shortcode\">                <div class=\"ml-embedded\" data-form=\"ruJ1Qe\"><\/div>\n            <\/div>\n\t\t\t\t\t\t<\/div>\n\t\t\t\t<\/div>\n\t\t\t\t\t<\/div>\n\t\t\t\t<\/div>\n\t\t<div class=\"elementor-element elementor-element-16804f57 e-flex e-con-boxed e-con e-parent\" data-id=\"16804f57\" data-element_type=\"container\">\n\t\t\t\t\t<div class=\"e-con-inner\">\n\t\t\t\t<div class=\"elementor-element elementor-element-68c39a75 elementor-widget elementor-widget-text-editor\" data-id=\"68c39a75\" data-element_type=\"widget\" data-widget_type=\"text-editor.default\">\n\t\t\t\t<div class=\"elementor-widget-container\">\n\t\t\t\t\t\t\t\t\t<p><em>\ud83d\udd12 Tus datos est\u00e1n seguros y no ser\u00e1n compartidos.<\/em><\/p>\t\t\t\t\t\t\t\t<\/div>\n\t\t\t\t<\/div>\n\t\t\t\t\t<\/div>\n\t\t\t\t<\/div>\n\t\t\t\t<\/div>\n\t\t","protected":false},"excerpt":{"rendered":"<p>Registra tu correo abajo y recibe acceso inmediato a la gu\u00eda exclusiva. 100% gratis y pr\u00e1ctica: pasos claros, plantillas y ejemplos listos para usar. Disponible por tiempo limitado. Verifica que tu correo est\u00e9 correcto para recibirla en minutos. Desc\u00e1rgala ahora \ud83d\udd12 Tus datos est\u00e1n seguros y no ser\u00e1n compartidos.<\/p>\n","protected":false},"author":1,"featured_media":0,"parent":0,"menu_order":0,"comment_status":"closed","ping_status":"closed","template":"","meta":{"editor_plus_copied_stylings":"{}","footnotes":""},"class_list":["post-6206","page","type-page","status-publish"],"featured_image_src":null,"yoast_head":"<!-- This site is optimized with the Yoast SEO plugin v26.1.1 - https:\/\/yoast.com\/wordpress\/plugins\/seo\/ -->\n<title>Pdf Guia completa Embudo de Ventas - Threeautomation ES<\/title>\n<meta name=\"robots\" content=\"index, follow, max-snippet:-1, max-image-preview:large, max-video-preview:-1\" \/>\n<link rel=\"canonical\" href=\"https:\/\/threeautomation.com\/es\/pdf-guia-completa-embudo-de-ventas\/\" \/>\n<meta property=\"og:locale\" content=\"es_ES\" \/>\n<meta property=\"og:type\" content=\"article\" \/>\n<meta property=\"og:title\" content=\"Pdf Guia completa Embudo de Ventas - Threeautomation ES\" \/>\n<meta property=\"og:description\" content=\"Registra tu correo abajo y recibe acceso inmediato a la gu\u00eda exclusiva. 100% gratis y pr\u00e1ctica: pasos claros, plantillas y ejemplos listos para usar. Disponible por tiempo limitado. Verifica que tu correo est\u00e9 correcto para recibirla en minutos. Desc\u00e1rgala ahora \ud83d\udd12 Tus datos est\u00e1n seguros y no ser\u00e1n compartidos.\" \/>\n<meta property=\"og:url\" content=\"https:\/\/threeautomation.com\/es\/pdf-guia-completa-embudo-de-ventas\/\" \/>\n<meta property=\"og:site_name\" content=\"Threeautomation ES\" \/>\n<meta property=\"article:publisher\" content=\"https:\/\/web.facebook.com\/Threeautomation\/\" \/>\n<meta property=\"article:modified_time\" content=\"2025-09-16T13:57:41+00:00\" \/>\n<meta property=\"og:image\" content=\"https:\/\/threeautomation.com\/es\/wp-content\/uploads\/2024\/02\/Expert-seo.webp\" \/>\n\t<meta property=\"og:image:width\" content=\"1200\" \/>\n\t<meta property=\"og:image:height\" content=\"675\" \/>\n\t<meta property=\"og:image:type\" content=\"image\/webp\" \/>\n<meta name=\"twitter:card\" content=\"summary_large_image\" \/>\n<meta name=\"twitter:label1\" content=\"Tiempo de lectura\" \/>\n\t<meta name=\"twitter:data1\" content=\"1 minuto\" \/>\n<script type=\"application\/ld+json\" class=\"yoast-schema-graph\">{\"@context\":\"https:\/\/schema.org\",\"@graph\":[{\"@type\":\"WebPage\",\"@id\":\"https:\/\/threeautomation.com\/es\/pdf-guia-completa-embudo-de-ventas\/\",\"url\":\"https:\/\/threeautomation.com\/es\/pdf-guia-completa-embudo-de-ventas\/\",\"name\":\"Pdf Guia completa Embudo de Ventas - Threeautomation ES\",\"isPartOf\":{\"@id\":\"https:\/\/threeautomation.com\/es\/#website\"},\"datePublished\":\"2025-09-16T13:48:08+00:00\",\"dateModified\":\"2025-09-16T13:57:41+00:00\",\"breadcrumb\":{\"@id\":\"https:\/\/threeautomation.com\/es\/pdf-guia-completa-embudo-de-ventas\/#breadcrumb\"},\"inLanguage\":\"es\",\"potentialAction\":[{\"@type\":\"ReadAction\",\"target\":[\"https:\/\/threeautomation.com\/es\/pdf-guia-completa-embudo-de-ventas\/\"]}]},{\"@type\":\"BreadcrumbList\",\"@id\":\"https:\/\/threeautomation.com\/es\/pdf-guia-completa-embudo-de-ventas\/#breadcrumb\",\"itemListElement\":[{\"@type\":\"ListItem\",\"position\":1,\"name\":\"Portada\",\"item\":\"https:\/\/threeautomation.com\/es\/\"},{\"@type\":\"ListItem\",\"position\":2,\"name\":\"Pdf Guia completa Embudo de Ventas\"}]},{\"@type\":\"WebSite\",\"@id\":\"https:\/\/threeautomation.com\/es\/#website\",\"url\":\"https:\/\/threeautomation.com\/es\/\",\"name\":\"Threeautomation ES\",\"description\":\"Threeautomation | Agencia de Transformaci\u00f3n Digital  | Soluciones que Venden\",\"publisher\":{\"@id\":\"https:\/\/threeautomation.com\/es\/#organization\"},\"potentialAction\":[{\"@type\":\"SearchAction\",\"target\":{\"@type\":\"EntryPoint\",\"urlTemplate\":\"https:\/\/threeautomation.com\/es\/?s={search_term_string}\"},\"query-input\":{\"@type\":\"PropertyValueSpecification\",\"valueRequired\":true,\"valueName\":\"search_term_string\"}}],\"inLanguage\":\"es\"},{\"@type\":\"Organization\",\"@id\":\"https:\/\/threeautomation.com\/es\/#organization\",\"name\":\"Threeautomation\",\"url\":\"https:\/\/threeautomation.com\/es\/\",\"logo\":{\"@type\":\"ImageObject\",\"inLanguage\":\"es\",\"@id\":\"https:\/\/threeautomation.com\/es\/#\/schema\/logo\/image\/\",\"url\":\"https:\/\/threeautomation.com\/es\/wp-content\/uploads\/2024\/02\/cropped-cropped-favicon-es.png\",\"contentUrl\":\"https:\/\/threeautomation.com\/es\/wp-content\/uploads\/2024\/02\/cropped-cropped-favicon-es.png\",\"width\":512,\"height\":485,\"caption\":\"Threeautomation\"},\"image\":{\"@id\":\"https:\/\/threeautomation.com\/es\/#\/schema\/logo\/image\/\"},\"sameAs\":[\"https:\/\/web.facebook.com\/Threeautomation\/\",\"https:\/\/www.instagram.com\/threeautomation\/\"]}]}<\/script>\n<!-- \/ Yoast SEO plugin. -->","yoast_head_json":{"title":"Pdf Guia completa Embudo de Ventas - Threeautomation ES","robots":{"index":"index","follow":"follow","max-snippet":"max-snippet:-1","max-image-preview":"max-image-preview:large","max-video-preview":"max-video-preview:-1"},"canonical":"https:\/\/threeautomation.com\/es\/pdf-guia-completa-embudo-de-ventas\/","og_locale":"es_ES","og_type":"article","og_title":"Pdf Guia completa Embudo de Ventas - Threeautomation ES","og_description":"Registra tu correo abajo y recibe acceso inmediato a la gu\u00eda exclusiva. 100% gratis y pr\u00e1ctica: pasos claros, plantillas y ejemplos listos para usar. Disponible por tiempo limitado. Verifica que tu correo est\u00e9 correcto para recibirla en minutos. Desc\u00e1rgala ahora \ud83d\udd12 Tus datos est\u00e1n seguros y no ser\u00e1n compartidos.","og_url":"https:\/\/threeautomation.com\/es\/pdf-guia-completa-embudo-de-ventas\/","og_site_name":"Threeautomation ES","article_publisher":"https:\/\/web.facebook.com\/Threeautomation\/","article_modified_time":"2025-09-16T13:57:41+00:00","og_image":[{"width":1200,"height":675,"url":"https:\/\/threeautomation.com\/es\/wp-content\/uploads\/2024\/02\/Expert-seo.webp","type":"image\/webp"}],"twitter_card":"summary_large_image","twitter_misc":{"Tiempo de lectura":"1 minuto"},"schema":{"@context":"https:\/\/schema.org","@graph":[{"@type":"WebPage","@id":"https:\/\/threeautomation.com\/es\/pdf-guia-completa-embudo-de-ventas\/","url":"https:\/\/threeautomation.com\/es\/pdf-guia-completa-embudo-de-ventas\/","name":"Pdf Guia completa Embudo de Ventas - Threeautomation ES","isPartOf":{"@id":"https:\/\/threeautomation.com\/es\/#website"},"datePublished":"2025-09-16T13:48:08+00:00","dateModified":"2025-09-16T13:57:41+00:00","breadcrumb":{"@id":"https:\/\/threeautomation.com\/es\/pdf-guia-completa-embudo-de-ventas\/#breadcrumb"},"inLanguage":"es","potentialAction":[{"@type":"ReadAction","target":["https:\/\/threeautomation.com\/es\/pdf-guia-completa-embudo-de-ventas\/"]}]},{"@type":"BreadcrumbList","@id":"https:\/\/threeautomation.com\/es\/pdf-guia-completa-embudo-de-ventas\/#breadcrumb","itemListElement":[{"@type":"ListItem","position":1,"name":"Portada","item":"https:\/\/threeautomation.com\/es\/"},{"@type":"ListItem","position":2,"name":"Pdf Guia completa Embudo de Ventas"}]},{"@type":"WebSite","@id":"https:\/\/threeautomation.com\/es\/#website","url":"https:\/\/threeautomation.com\/es\/","name":"Threeautomation ES","description":"Threeautomation | Agencia de Transformaci\u00f3n Digital  | Soluciones que Venden","publisher":{"@id":"https:\/\/threeautomation.com\/es\/#organization"},"potentialAction":[{"@type":"SearchAction","target":{"@type":"EntryPoint","urlTemplate":"https:\/\/threeautomation.com\/es\/?s={search_term_string}"},"query-input":{"@type":"PropertyValueSpecification","valueRequired":true,"valueName":"search_term_string"}}],"inLanguage":"es"},{"@type":"Organization","@id":"https:\/\/threeautomation.com\/es\/#organization","name":"Threeautomation","url":"https:\/\/threeautomation.com\/es\/","logo":{"@type":"ImageObject","inLanguage":"es","@id":"https:\/\/threeautomation.com\/es\/#\/schema\/logo\/image\/","url":"https:\/\/threeautomation.com\/es\/wp-content\/uploads\/2024\/02\/cropped-cropped-favicon-es.png","contentUrl":"https:\/\/threeautomation.com\/es\/wp-content\/uploads\/2024\/02\/cropped-cropped-favicon-es.png","width":512,"height":485,"caption":"Threeautomation"},"image":{"@id":"https:\/\/threeautomation.com\/es\/#\/schema\/logo\/image\/"},"sameAs":["https:\/\/web.facebook.com\/Threeautomation\/","https:\/\/www.instagram.com\/threeautomation\/"]}]}},"_links":{"self":[{"href":"https:\/\/threeautomation.com\/es\/wp-json\/wp\/v2\/pages\/6206","targetHints":{"allow":["GET"]}}],"collection":[{"href":"https:\/\/threeautomation.com\/es\/wp-json\/wp\/v2\/pages"}],"about":[{"href":"https:\/\/threeautomation.com\/es\/wp-json\/wp\/v2\/types\/page"}],"author":[{"embeddable":true,"href":"https:\/\/threeautomation.com\/es\/wp-json\/wp\/v2\/users\/1"}],"replies":[{"embeddable":true,"href":"https:\/\/threeautomation.com\/es\/wp-json\/wp\/v2\/comments?post=6206"}],"version-history":[{"count":11,"href":"https:\/\/threeautomation.com\/es\/wp-json\/wp\/v2\/pages\/6206\/revisions"}],"predecessor-version":[{"id":6218,"href":"https:\/\/threeautomation.com\/es\/wp-json\/wp\/v2\/pages\/6206\/revisions\/6218"}],"wp:attachment":[{"href":"https:\/\/threeautomation.com\/es\/wp-json\/wp\/v2\/media?parent=6206"}],"curies":[{"name":"wp","href":"https:\/\/api.w.org\/{rel}","templated":true}]}}